{"id":13811,"date":"2025-10-23T18:00:38","date_gmt":"2025-10-23T14:00:38","guid":{"rendered":"https:\/\/b2b-armangroup.com\/?post_type=product&#038;p=13811"},"modified":"2025-12-02T00:45:19","modified_gmt":"2025-12-01T20:45:19","slug":"daroink-mishelle-vanilla-wafer-1-kg","status":"publish","type":"product","link":"https:\/\/b2b-armangroup.com\/fr\/produit\/daroink-mishelle-vanilla-wafer-1-kg\/","title":{"rendered":"Daroink \u2014 Gaufrettes \u00e0 la Vanille \u2014 1 kg"},"content":{"rendered":"","protected":false},"excerpt":{"rendered":"<p class=\"p1\">Daroink Gaufrettes \u00e0 la Vanille 1 kg. Un m\u00e9lange d\u00e9licat de gaufrettes croustillantes et de cr\u00e8me \u00e0 la vanille onctueuse, recouvertes d\u2019un gla\u00e7age l\u00e9ger. Chaque bouch\u00e9e offre une douceur raffin\u00e9e et un ar\u00f4me subtil de vanille. Id\u00e9al pour partager, offrir ou accompagner un caf\u00e9 ou un th\u00e9.<\/p>\n<p>4,99\u20ac<\/p>","protected":false},"featured_media":13812,"comment_status":"open","ping_status":"closed","template":"","meta":{"_acf_changed":false},"product_brand":[],"product_cat":[197,218],"product_tag":[],"class_list":{"0":"post-13811","1":"product","2":"type-product","3":"status-publish","4":"has-post-thumbnail","6":"product_cat-candies","7":"product_cat-sweets","9":"first","10":"instock","11":"shipping-taxable","12":"purchasable","13":"product-type-variable","14":"wvs-archive-product-wrapper"},"acf":[],"_links":{"self":[{"href":"https:\/\/b2b-armangroup.com\/fr\/wp-json\/wp\/v2\/product\/13811","targetHints":{"allow":["GET"]}}],"collection":[{"href":"https:\/\/b2b-armangroup.com\/fr\/wp-json\/wp\/v2\/product"}],"about":[{"href":"https:\/\/b2b-armangroup.com\/fr\/wp-json\/wp\/v2\/types\/product"}],"replies":[{"embeddable":true,"href":"https:\/\/b2b-armangroup.com\/fr\/wp-json\/wp\/v2\/comments?post=13811"}],"version-history":[{"count":2,"href":"https:\/\/b2b-armangroup.com\/fr\/wp-json\/wp\/v2\/product\/13811\/revisions"}],"predecessor-version":[{"id":13852,"href":"https:\/\/b2b-armangroup.com\/fr\/wp-json\/wp\/v2\/product\/13811\/revisions\/13852"}],"wp:featuredmedia":[{"embeddable":true,"href":"https:\/\/b2b-armangroup.com\/fr\/wp-json\/wp\/v2\/media\/13812"}],"wp:attachment":[{"href":"https:\/\/b2b-armangroup.com\/fr\/wp-json\/wp\/v2\/media?parent=13811"}],"wp:term":[{"taxonomy":"product_brand","embeddable":true,"href":"https:\/\/b2b-armangroup.com\/fr\/wp-json\/wp\/v2\/product_brand?post=13811"},{"taxonomy":"product_cat","embeddable":true,"href":"https:\/\/b2b-armangroup.com\/fr\/wp-json\/wp\/v2\/product_cat?post=13811"},{"taxonomy":"product_tag","embeddable":true,"href":"https:\/\/b2b-armangroup.com\/fr\/wp-json\/wp\/v2\/product_tag?post=13811"}],"curies":[{"name":"wp","href":"https:\/\/api.w.org\/{rel}","templated":true}]}}