{"id":13820,"date":"2025-10-23T18:26:25","date_gmt":"2025-10-23T14:26:25","guid":{"rendered":"https:\/\/b2b-armangroup.com\/?post_type=product&#038;p=13820"},"modified":"2025-10-23T18:26:26","modified_gmt":"2025-10-23T14:26:26","slug":"armenian-2-spoke-champur-double-skewer-for-khorovats","status":"publish","type":"product","link":"https:\/\/b2b-armangroup.com\/fr\/produit\/armenian-2-spoke-champur-double-skewer-for-khorovats\/","title":{"rendered":"Champur arm\u00e9nien \u00e0 deux broches"},"content":{"rendered":"","protected":false},"excerpt":{"rendered":"<p class=\"p1 translation-block\">Champur arm\u00e9nien traditionnel \u00e0 deux broches, con\u00e7u pour la cuisson du khorovats (barbecue). Fabriqu\u00e9 en acier inoxydable robuste avec une poign\u00e9e en bois poli assurant une prise en main s\u00fbre. Son design \u00e0 double tige garantit une cuisson homog\u00e8ne et emp\u00eache la viande de tourner. Parfait pour les viandes, l\u00e9gumes et poissons grill\u00e9s au feu ouvert.<\/p>\n<p>4,99\u20ac<\/p>","protected":false},"featured_media":13821,"comment_status":"open","ping_status":"closed","template":"","meta":{"_acf_changed":false},"product_brand":[],"product_cat":[245,244],"product_tag":[],"class_list":{"0":"post-13820","1":"product","2":"type-product","3":"status-publish","4":"has-post-thumbnail","6":"product_cat-manghal","7":"product_cat-tonirs","9":"first","10":"instock","11":"shipping-taxable","12":"purchasable","13":"product-type-variable","14":"wvs-archive-product-wrapper"},"acf":[],"_links":{"self":[{"href":"https:\/\/b2b-armangroup.com\/fr\/wp-json\/wp\/v2\/product\/13820","targetHints":{"allow":["GET"]}}],"collection":[{"href":"https:\/\/b2b-armangroup.com\/fr\/wp-json\/wp\/v2\/product"}],"about":[{"href":"https:\/\/b2b-armangroup.com\/fr\/wp-json\/wp\/v2\/types\/product"}],"replies":[{"embeddable":true,"href":"https:\/\/b2b-armangroup.com\/fr\/wp-json\/wp\/v2\/comments?post=13820"}],"version-history":[{"count":1,"href":"https:\/\/b2b-armangroup.com\/fr\/wp-json\/wp\/v2\/product\/13820\/revisions"}],"predecessor-version":[{"id":13823,"href":"https:\/\/b2b-armangroup.com\/fr\/wp-json\/wp\/v2\/product\/13820\/revisions\/13823"}],"wp:featuredmedia":[{"embeddable":true,"href":"https:\/\/b2b-armangroup.com\/fr\/wp-json\/wp\/v2\/media\/13821"}],"wp:attachment":[{"href":"https:\/\/b2b-armangroup.com\/fr\/wp-json\/wp\/v2\/media?parent=13820"}],"wp:term":[{"taxonomy":"product_brand","embeddable":true,"href":"https:\/\/b2b-armangroup.com\/fr\/wp-json\/wp\/v2\/product_brand?post=13820"},{"taxonomy":"product_cat","embeddable":true,"href":"https:\/\/b2b-armangroup.com\/fr\/wp-json\/wp\/v2\/product_cat?post=13820"},{"taxonomy":"product_tag","embeddable":true,"href":"https:\/\/b2b-armangroup.com\/fr\/wp-json\/wp\/v2\/product_tag?post=13820"}],"curies":[{"name":"wp","href":"https:\/\/api.w.org\/{rel}","templated":true}]}}