{"id":13824,"date":"2025-10-23T18:47:53","date_gmt":"2025-10-23T14:47:53","guid":{"rendered":"https:\/\/b2b-armangroup.com\/?post_type=product&#038;p=13824"},"modified":"2026-03-12T12:29:44","modified_gmt":"2026-03-12T08:29:44","slug":"daroink-cream-sandwich-biscuits-1-kg","status":"publish","type":"product","link":"https:\/\/b2b-armangroup.com\/fr\/produit\/daroink-cream-sandwich-biscuits-1-kg\/","title":{"rendered":"Daroink \u2014 Biscuits Sandwich \u00e0 la Cr\u00e8me \u2014 1 kg"},"content":{"rendered":"","protected":false},"excerpt":{"rendered":"<p class=\"p1\">Daroink Biscuits Sandwich \u00e0 la Cr\u00e8me 1 kg. Un assortiment gourmand de biscuits croustillants garnis de cr\u00e8me douce \u00e0 la vanille et au cacao. Un \u00e9quilibre parfait entre croquant et fondant, id\u00e9al pour accompagner le caf\u00e9, le th\u00e9 ou les moments de partage.<\/p>\n<p>3,99\u20ac<\/p>","protected":false},"featured_media":13825,"comment_status":"open","ping_status":"closed","template":"","meta":{"_acf_changed":false},"product_brand":[],"product_cat":[197,218],"product_tag":[],"class_list":{"0":"post-13824","1":"product","2":"type-product","3":"status-publish","4":"has-post-thumbnail","6":"product_cat-candies","7":"product_cat-sweets","9":"first","10":"instock","11":"shipping-taxable","12":"purchasable","13":"product-type-variable","14":"wvs-archive-product-wrapper"},"acf":[],"_links":{"self":[{"href":"https:\/\/b2b-armangroup.com\/fr\/wp-json\/wp\/v2\/product\/13824","targetHints":{"allow":["GET"]}}],"collection":[{"href":"https:\/\/b2b-armangroup.com\/fr\/wp-json\/wp\/v2\/product"}],"about":[{"href":"https:\/\/b2b-armangroup.com\/fr\/wp-json\/wp\/v2\/types\/product"}],"replies":[{"embeddable":true,"href":"https:\/\/b2b-armangroup.com\/fr\/wp-json\/wp\/v2\/comments?post=13824"}],"version-history":[{"count":2,"href":"https:\/\/b2b-armangroup.com\/fr\/wp-json\/wp\/v2\/product\/13824\/revisions"}],"predecessor-version":[{"id":13849,"href":"https:\/\/b2b-armangroup.com\/fr\/wp-json\/wp\/v2\/product\/13824\/revisions\/13849"}],"wp:featuredmedia":[{"embeddable":true,"href":"https:\/\/b2b-armangroup.com\/fr\/wp-json\/wp\/v2\/media\/13825"}],"wp:attachment":[{"href":"https:\/\/b2b-armangroup.com\/fr\/wp-json\/wp\/v2\/media?parent=13824"}],"wp:term":[{"taxonomy":"product_brand","embeddable":true,"href":"https:\/\/b2b-armangroup.com\/fr\/wp-json\/wp\/v2\/product_brand?post=13824"},{"taxonomy":"product_cat","embeddable":true,"href":"https:\/\/b2b-armangroup.com\/fr\/wp-json\/wp\/v2\/product_cat?post=13824"},{"taxonomy":"product_tag","embeddable":true,"href":"https:\/\/b2b-armangroup.com\/fr\/wp-json\/wp\/v2\/product_tag?post=13824"}],"curies":[{"name":"wp","href":"https:\/\/api.w.org\/{rel}","templated":true}]}}