{"id":13880,"date":"2025-10-25T13:50:08","date_gmt":"2025-10-25T09:50:08","guid":{"rendered":"https:\/\/b2b-armangroup.com\/?post_type=product&#038;p=13880"},"modified":"2026-03-13T15:01:50","modified_gmt":"2026-03-13T11:01:50","slug":"teida-mountain-thyme-100-g","status":"publish","type":"product","link":"https:\/\/b2b-armangroup.com\/fr\/produit\/teida-mountain-thyme-100-g\/","title":{"rendered":"Teida \u2014 Thym de Montagne \u2014 100 g"},"content":{"rendered":"","protected":false},"excerpt":{"rendered":"<p class=\"p1\">Teida Thym de Montagne 100 g. Thym s\u00e9ch\u00e9 de haute montagne, riche en ar\u00f4mes naturels et en huiles essentielles. Id\u00e9al pour infusions, th\u00e9s ou usages culinaires. 100% naturel, sans caf\u00e9ine, source d\u2019antioxydants.<\/p>\n<p>1,20\u20ac<\/p>","protected":false},"featured_media":15029,"comment_status":"open","ping_status":"closed","template":"","meta":{"_acf_changed":false},"product_brand":[],"product_cat":[188,179],"product_tag":[],"class_list":{"0":"post-13880","1":"product","2":"type-product","3":"status-publish","4":"has-post-thumbnail","6":"product_cat-drinks-beverages","7":"product_cat-coffee-and-tea","9":"first","10":"instock","11":"shipping-taxable","12":"purchasable","13":"product-type-variable","14":"wvs-archive-product-wrapper"},"acf":[],"_links":{"self":[{"href":"https:\/\/b2b-armangroup.com\/fr\/wp-json\/wp\/v2\/product\/13880","targetHints":{"allow":["GET"]}}],"collection":[{"href":"https:\/\/b2b-armangroup.com\/fr\/wp-json\/wp\/v2\/product"}],"about":[{"href":"https:\/\/b2b-armangroup.com\/fr\/wp-json\/wp\/v2\/types\/product"}],"replies":[{"embeddable":true,"href":"https:\/\/b2b-armangroup.com\/fr\/wp-json\/wp\/v2\/comments?post=13880"}],"version-history":[{"count":2,"href":"https:\/\/b2b-armangroup.com\/fr\/wp-json\/wp\/v2\/product\/13880\/revisions"}],"predecessor-version":[{"id":16012,"href":"https:\/\/b2b-armangroup.com\/fr\/wp-json\/wp\/v2\/product\/13880\/revisions\/16012"}],"wp:featuredmedia":[{"embeddable":true,"href":"https:\/\/b2b-armangroup.com\/fr\/wp-json\/wp\/v2\/media\/15029"}],"wp:attachment":[{"href":"https:\/\/b2b-armangroup.com\/fr\/wp-json\/wp\/v2\/media?parent=13880"}],"wp:term":[{"taxonomy":"product_brand","embeddable":true,"href":"https:\/\/b2b-armangroup.com\/fr\/wp-json\/wp\/v2\/product_brand?post=13880"},{"taxonomy":"product_cat","embeddable":true,"href":"https:\/\/b2b-armangroup.com\/fr\/wp-json\/wp\/v2\/product_cat?post=13880"},{"taxonomy":"product_tag","embeddable":true,"href":"https:\/\/b2b-armangroup.com\/fr\/wp-json\/wp\/v2\/product_tag?post=13880"}],"curies":[{"name":"wp","href":"https:\/\/api.w.org\/{rel}","templated":true}]}}