{"id":13887,"date":"2025-10-25T13:52:48","date_gmt":"2025-10-25T09:52:48","guid":{"rendered":"https:\/\/b2b-armangroup.com\/?post_type=product&#038;p=13887"},"modified":"2026-03-19T16:39:52","modified_gmt":"2026-03-19T12:39:52","slug":"teida-nana-mint-100-g","status":"publish","type":"product","link":"https:\/\/b2b-armangroup.com\/fr\/produit\/teida-nana-mint-100-g\/","title":{"rendered":"Teida \u2014 Menthe Nana \u2014 100 g"},"content":{"rendered":"","protected":false},"excerpt":{"rendered":"<p class=\"p1\">Teida Menthe Nana 100 g. Feuilles de menthe s\u00e9ch\u00e9es de premi\u00e8re qualit\u00e9, au parfum frais et apaisant. Parfaites pour th\u00e9s, infusions ou recettes culinaires. Naturellement sans caf\u00e9ine et riches en huiles essentielles.<\/p>\n<p>0,99\u20ac<\/p>","protected":false},"featured_media":15027,"comment_status":"open","ping_status":"closed","template":"","meta":{"_acf_changed":false},"product_brand":[],"product_cat":[188,179],"product_tag":[],"class_list":{"0":"post-13887","1":"product","2":"type-product","3":"status-publish","4":"has-post-thumbnail","6":"product_cat-drinks-beverages","7":"product_cat-coffee-and-tea","9":"first","10":"outofstock","11":"shipping-taxable","12":"purchasable","13":"product-type-variable","14":"wvs-archive-product-wrapper"},"acf":[],"_links":{"self":[{"href":"https:\/\/b2b-armangroup.com\/fr\/wp-json\/wp\/v2\/product\/13887","targetHints":{"allow":["GET"]}}],"collection":[{"href":"https:\/\/b2b-armangroup.com\/fr\/wp-json\/wp\/v2\/product"}],"about":[{"href":"https:\/\/b2b-armangroup.com\/fr\/wp-json\/wp\/v2\/types\/product"}],"replies":[{"embeddable":true,"href":"https:\/\/b2b-armangroup.com\/fr\/wp-json\/wp\/v2\/comments?post=13887"}],"version-history":[{"count":1,"href":"https:\/\/b2b-armangroup.com\/fr\/wp-json\/wp\/v2\/product\/13887\/revisions"}],"predecessor-version":[{"id":13891,"href":"https:\/\/b2b-armangroup.com\/fr\/wp-json\/wp\/v2\/product\/13887\/revisions\/13891"}],"wp:featuredmedia":[{"embeddable":true,"href":"https:\/\/b2b-armangroup.com\/fr\/wp-json\/wp\/v2\/media\/15027"}],"wp:attachment":[{"href":"https:\/\/b2b-armangroup.com\/fr\/wp-json\/wp\/v2\/media?parent=13887"}],"wp:term":[{"taxonomy":"product_brand","embeddable":true,"href":"https:\/\/b2b-armangroup.com\/fr\/wp-json\/wp\/v2\/product_brand?post=13887"},{"taxonomy":"product_cat","embeddable":true,"href":"https:\/\/b2b-armangroup.com\/fr\/wp-json\/wp\/v2\/product_cat?post=13887"},{"taxonomy":"product_tag","embeddable":true,"href":"https:\/\/b2b-armangroup.com\/fr\/wp-json\/wp\/v2\/product_tag?post=13887"}],"curies":[{"name":"wp","href":"https:\/\/api.w.org\/{rel}","templated":true}]}}