{"id":13892,"date":"2025-10-25T13:57:14","date_gmt":"2025-10-25T09:57:14","guid":{"rendered":"https:\/\/b2b-armangroup.com\/?post_type=product&#038;p=13892"},"modified":"2026-03-11T14:38:53","modified_gmt":"2026-03-11T10:38:53","slug":"teida-frau-grey-green-tea-22-tea-pyramids-44-g","status":"publish","type":"product","link":"https:\/\/b2b-armangroup.com\/fr\/produit\/teida-frau-grey-green-tea-22-tea-pyramids-44-g\/","title":{"rendered":"Teida \u2014 Th\u00e9 Vert Frau Grey \u2014 22 Pyramides de Th\u00e9 (44 g)"},"content":{"rendered":"","protected":false},"excerpt":{"rendered":"<p class=\"p1\">Teida Th\u00e9 Vert Frau Grey 22 pyramides (44 g). M\u00e9lange raffin\u00e9 de th\u00e9 vert chinois et d\u2019ar\u00f4me naturel de bergamote. Offrant un go\u00fbt frais et \u00e9quilibr\u00e9, ce th\u00e9 combine d\u00e9licatesse et vivacit\u00e9. Conditionn\u00e9 en pyramides pratiques pour pr\u00e9server toute la richesse des ar\u00f4mes.<\/p>\n<p>1,49\u20ac<\/p>","protected":false},"featured_media":13894,"comment_status":"open","ping_status":"closed","template":"","meta":{"_acf_changed":false},"product_brand":[],"product_cat":[188,179],"product_tag":[],"class_list":{"0":"post-13892","1":"product","2":"type-product","3":"status-publish","4":"has-post-thumbnail","6":"product_cat-drinks-beverages","7":"product_cat-coffee-and-tea","9":"first","10":"instock","11":"shipping-taxable","12":"purchasable","13":"product-type-variable","14":"wvs-archive-product-wrapper"},"acf":[],"_links":{"self":[{"href":"https:\/\/b2b-armangroup.com\/fr\/wp-json\/wp\/v2\/product\/13892","targetHints":{"allow":["GET"]}}],"collection":[{"href":"https:\/\/b2b-armangroup.com\/fr\/wp-json\/wp\/v2\/product"}],"about":[{"href":"https:\/\/b2b-armangroup.com\/fr\/wp-json\/wp\/v2\/types\/product"}],"replies":[{"embeddable":true,"href":"https:\/\/b2b-armangroup.com\/fr\/wp-json\/wp\/v2\/comments?post=13892"}],"version-history":[{"count":2,"href":"https:\/\/b2b-armangroup.com\/fr\/wp-json\/wp\/v2\/product\/13892\/revisions"}],"predecessor-version":[{"id":16009,"href":"https:\/\/b2b-armangroup.com\/fr\/wp-json\/wp\/v2\/product\/13892\/revisions\/16009"}],"wp:featuredmedia":[{"embeddable":true,"href":"https:\/\/b2b-armangroup.com\/fr\/wp-json\/wp\/v2\/media\/13894"}],"wp:attachment":[{"href":"https:\/\/b2b-armangroup.com\/fr\/wp-json\/wp\/v2\/media?parent=13892"}],"wp:term":[{"taxonomy":"product_brand","embeddable":true,"href":"https:\/\/b2b-armangroup.com\/fr\/wp-json\/wp\/v2\/product_brand?post=13892"},{"taxonomy":"product_cat","embeddable":true,"href":"https:\/\/b2b-armangroup.com\/fr\/wp-json\/wp\/v2\/product_cat?post=13892"},{"taxonomy":"product_tag","embeddable":true,"href":"https:\/\/b2b-armangroup.com\/fr\/wp-json\/wp\/v2\/product_tag?post=13892"}],"curies":[{"name":"wp","href":"https:\/\/api.w.org\/{rel}","templated":true}]}}