{"id":13897,"date":"2025-10-25T14:06:47","date_gmt":"2025-10-25T10:06:47","guid":{"rendered":"https:\/\/b2b-armangroup.com\/?post_type=product&#038;p=13897"},"modified":"2026-03-11T14:37:07","modified_gmt":"2026-03-11T10:37:07","slug":"teida-ginger-mojito-green-tea-22-tea-pyramids-44-g","status":"publish","type":"product","link":"https:\/\/b2b-armangroup.com\/fr\/produit\/teida-ginger-mojito-green-tea-22-tea-pyramids-44-g\/","title":{"rendered":"Teida \u2014 Th\u00e9 Vert Ginger Mojito \u2014 22 Pyramides de Th\u00e9 (44 g)"},"content":{"rendered":"","protected":false},"excerpt":{"rendered":"<p class=\"p1\">Teida Th\u00e9 Vert Ginger Mojito 22 pyramides (44 g). M\u00e9lange rafra\u00eechissant de th\u00e9 vert, de menthe et de gingembre s\u00e9ch\u00e9, relev\u00e9 d\u2019une note d\u2019agrume. Ce th\u00e9 vivifiant allie la chaleur du gingembre et la fra\u00eecheur de la menthe pour une harmonie parfaite. Conditionn\u00e9 en pyramides pour conserver toute sa richesse aromatique.<\/p>\n<p>1,49\u20ac<\/p>","protected":false},"featured_media":13900,"comment_status":"open","ping_status":"closed","template":"","meta":{"_acf_changed":false},"product_brand":[],"product_cat":[188,179],"product_tag":[],"class_list":{"0":"post-13897","1":"product","2":"type-product","3":"status-publish","4":"has-post-thumbnail","6":"product_cat-drinks-beverages","7":"product_cat-coffee-and-tea","9":"first","10":"instock","11":"shipping-taxable","12":"purchasable","13":"product-type-variable","14":"wvs-archive-product-wrapper"},"acf":[],"_links":{"self":[{"href":"https:\/\/b2b-armangroup.com\/fr\/wp-json\/wp\/v2\/product\/13897","targetHints":{"allow":["GET"]}}],"collection":[{"href":"https:\/\/b2b-armangroup.com\/fr\/wp-json\/wp\/v2\/product"}],"about":[{"href":"https:\/\/b2b-armangroup.com\/fr\/wp-json\/wp\/v2\/types\/product"}],"replies":[{"embeddable":true,"href":"https:\/\/b2b-armangroup.com\/fr\/wp-json\/wp\/v2\/comments?post=13897"}],"version-history":[{"count":2,"href":"https:\/\/b2b-armangroup.com\/fr\/wp-json\/wp\/v2\/product\/13897\/revisions"}],"predecessor-version":[{"id":16008,"href":"https:\/\/b2b-armangroup.com\/fr\/wp-json\/wp\/v2\/product\/13897\/revisions\/16008"}],"wp:featuredmedia":[{"embeddable":true,"href":"https:\/\/b2b-armangroup.com\/fr\/wp-json\/wp\/v2\/media\/13900"}],"wp:attachment":[{"href":"https:\/\/b2b-armangroup.com\/fr\/wp-json\/wp\/v2\/media?parent=13897"}],"wp:term":[{"taxonomy":"product_brand","embeddable":true,"href":"https:\/\/b2b-armangroup.com\/fr\/wp-json\/wp\/v2\/product_brand?post=13897"},{"taxonomy":"product_cat","embeddable":true,"href":"https:\/\/b2b-armangroup.com\/fr\/wp-json\/wp\/v2\/product_cat?post=13897"},{"taxonomy":"product_tag","embeddable":true,"href":"https:\/\/b2b-armangroup.com\/fr\/wp-json\/wp\/v2\/product_tag?post=13897"}],"curies":[{"name":"wp","href":"https:\/\/api.w.org\/{rel}","templated":true}]}}