{"id":13903,"date":"2025-10-25T14:14:54","date_gmt":"2025-10-25T10:14:54","guid":{"rendered":"https:\/\/b2b-armangroup.com\/?post_type=product&#038;p=13903"},"modified":"2026-03-11T14:31:21","modified_gmt":"2026-03-11T10:31:21","slug":"teida-spicy-sunset-black-tea-22-tea-pyramids-44-g","status":"publish","type":"product","link":"https:\/\/b2b-armangroup.com\/fr\/produit\/teida-spicy-sunset-black-tea-22-tea-pyramids-44-g\/","title":{"rendered":"Teida \u2014 Th\u00e9 Noir Spicy Sunset \u2014 22 Pyramides de Th\u00e9 (44 g)"},"content":{"rendered":"","protected":false},"excerpt":{"rendered":"<p class=\"p1\">Teida Th\u00e9 Noir Spicy Sunset 22 pyramides (44 g). M\u00e9lange chaleureux de th\u00e9 noir, zeste d\u2019orange, coriandre et cannelle. Ce th\u00e9 harmonieux marie les notes d\u2019agrumes \u00e0 une douce \u00e9pice, cr\u00e9ant une ambiance r\u00e9confortante et festive. Id\u00e9al pour les moments cocooning.<\/p>\n<p>1,49\u20ac<\/p>","protected":false},"featured_media":13904,"comment_status":"open","ping_status":"closed","template":"","meta":{"_acf_changed":false},"product_brand":[],"product_cat":[188,179],"product_tag":[],"class_list":{"0":"post-13903","1":"product","2":"type-product","3":"status-publish","4":"has-post-thumbnail","6":"product_cat-drinks-beverages","7":"product_cat-coffee-and-tea","9":"first","10":"instock","11":"shipping-taxable","12":"purchasable","13":"product-type-variable","14":"wvs-archive-product-wrapper"},"acf":[],"_links":{"self":[{"href":"https:\/\/b2b-armangroup.com\/fr\/wp-json\/wp\/v2\/product\/13903","targetHints":{"allow":["GET"]}}],"collection":[{"href":"https:\/\/b2b-armangroup.com\/fr\/wp-json\/wp\/v2\/product"}],"about":[{"href":"https:\/\/b2b-armangroup.com\/fr\/wp-json\/wp\/v2\/types\/product"}],"replies":[{"embeddable":true,"href":"https:\/\/b2b-armangroup.com\/fr\/wp-json\/wp\/v2\/comments?post=13903"}],"version-history":[{"count":3,"href":"https:\/\/b2b-armangroup.com\/fr\/wp-json\/wp\/v2\/product\/13903\/revisions"}],"predecessor-version":[{"id":16004,"href":"https:\/\/b2b-armangroup.com\/fr\/wp-json\/wp\/v2\/product\/13903\/revisions\/16004"}],"wp:featuredmedia":[{"embeddable":true,"href":"https:\/\/b2b-armangroup.com\/fr\/wp-json\/wp\/v2\/media\/13904"}],"wp:attachment":[{"href":"https:\/\/b2b-armangroup.com\/fr\/wp-json\/wp\/v2\/media?parent=13903"}],"wp:term":[{"taxonomy":"product_brand","embeddable":true,"href":"https:\/\/b2b-armangroup.com\/fr\/wp-json\/wp\/v2\/product_brand?post=13903"},{"taxonomy":"product_cat","embeddable":true,"href":"https:\/\/b2b-armangroup.com\/fr\/wp-json\/wp\/v2\/product_cat?post=13903"},{"taxonomy":"product_tag","embeddable":true,"href":"https:\/\/b2b-armangroup.com\/fr\/wp-json\/wp\/v2\/product_tag?post=13903"}],"curies":[{"name":"wp","href":"https:\/\/api.w.org\/{rel}","templated":true}]}}