{"id":13909,"date":"2025-10-25T14:24:45","date_gmt":"2025-10-25T10:24:45","guid":{"rendered":"https:\/\/b2b-armangroup.com\/?post_type=product&#038;p=13909"},"modified":"2026-03-11T14:50:06","modified_gmt":"2026-03-11T10:50:06","slug":"teida-peach-buckthorn-green-tea-22-tea-pyramids-55-g","status":"publish","type":"product","link":"https:\/\/b2b-armangroup.com\/fr\/produit\/teida-peach-buckthorn-green-tea-22-tea-pyramids-55-g\/","title":{"rendered":"Teida \u2014 Th\u00e9 Vert P\u00eache &amp; Argousier \u2014 22 Pyramides de Th\u00e9 (55 g)"},"content":{"rendered":"","protected":false},"excerpt":{"rendered":"<p class=\"p1\">Teida Th\u00e9 Vert P\u00eache &amp; Argousier 22 pyramides (55 g). Subtil m\u00e9lange de th\u00e9 vert Gunpowder et de morceaux naturels de p\u00eache et d\u2019argousier, relev\u00e9 de douces notes de vanille et de fruits tropicaux. Son go\u00fbt fruit\u00e9 et harmonieux procure une sensation de fra\u00eecheur et de douceur \u00e0 chaque gorg\u00e9e.<\/p>\n<p>1,59\u20ac<\/p>","protected":false},"featured_media":13910,"comment_status":"open","ping_status":"closed","template":"","meta":{"_acf_changed":false},"product_brand":[],"product_cat":[188,179],"product_tag":[],"class_list":{"0":"post-13909","1":"product","2":"type-product","3":"status-publish","4":"has-post-thumbnail","6":"product_cat-drinks-beverages","7":"product_cat-coffee-and-tea","9":"first","10":"instock","11":"shipping-taxable","12":"purchasable","13":"product-type-variable","14":"wvs-archive-product-wrapper"},"acf":[],"_links":{"self":[{"href":"https:\/\/b2b-armangroup.com\/fr\/wp-json\/wp\/v2\/product\/13909","targetHints":{"allow":["GET"]}}],"collection":[{"href":"https:\/\/b2b-armangroup.com\/fr\/wp-json\/wp\/v2\/product"}],"about":[{"href":"https:\/\/b2b-armangroup.com\/fr\/wp-json\/wp\/v2\/types\/product"}],"replies":[{"embeddable":true,"href":"https:\/\/b2b-armangroup.com\/fr\/wp-json\/wp\/v2\/comments?post=13909"}],"version-history":[{"count":2,"href":"https:\/\/b2b-armangroup.com\/fr\/wp-json\/wp\/v2\/product\/13909\/revisions"}],"predecessor-version":[{"id":16010,"href":"https:\/\/b2b-armangroup.com\/fr\/wp-json\/wp\/v2\/product\/13909\/revisions\/16010"}],"wp:featuredmedia":[{"embeddable":true,"href":"https:\/\/b2b-armangroup.com\/fr\/wp-json\/wp\/v2\/media\/13910"}],"wp:attachment":[{"href":"https:\/\/b2b-armangroup.com\/fr\/wp-json\/wp\/v2\/media?parent=13909"}],"wp:term":[{"taxonomy":"product_brand","embeddable":true,"href":"https:\/\/b2b-armangroup.com\/fr\/wp-json\/wp\/v2\/product_brand?post=13909"},{"taxonomy":"product_cat","embeddable":true,"href":"https:\/\/b2b-armangroup.com\/fr\/wp-json\/wp\/v2\/product_cat?post=13909"},{"taxonomy":"product_tag","embeddable":true,"href":"https:\/\/b2b-armangroup.com\/fr\/wp-json\/wp\/v2\/product_tag?post=13909"}],"curies":[{"name":"wp","href":"https:\/\/api.w.org\/{rel}","templated":true}]}}