{"id":13914,"date":"2025-10-25T14:30:22","date_gmt":"2025-10-25T10:30:22","guid":{"rendered":"https:\/\/b2b-armangroup.com\/?post_type=product&#038;p=13914"},"modified":"2026-03-11T14:32:51","modified_gmt":"2026-03-11T10:32:51","slug":"teida-for-lovers-black-tea-22-tea-pyramids-44-g","status":"publish","type":"product","link":"https:\/\/b2b-armangroup.com\/fr\/produit\/teida-for-lovers-black-tea-22-tea-pyramids-44-g\/","title":{"rendered":"Teida \u2014 Th\u00e9 Noir For Lovers \u2014 22 Pyramides de Th\u00e9 (44 g)"},"content":{"rendered":"","protected":false},"excerpt":{"rendered":"<p class=\"p1\">Teida Th\u00e9 Noir For Lovers 22 pyramides (44 g). Un th\u00e9 noir d\u00e9licat parfum\u00e9 aux p\u00e9tales de rose. Sa saveur florale et douce cr\u00e9e une ambiance apaisante et romantique, parfaite pour les moments de d\u00e9tente ou de partage.<\/p>\n<p>1,49\u20ac<\/p>","protected":false},"featured_media":13915,"comment_status":"open","ping_status":"closed","template":"","meta":{"_acf_changed":false},"product_brand":[],"product_cat":[188,179],"product_tag":[],"class_list":{"0":"post-13914","1":"product","2":"type-product","3":"status-publish","4":"has-post-thumbnail","6":"product_cat-drinks-beverages","7":"product_cat-coffee-and-tea","9":"first","10":"instock","11":"shipping-taxable","12":"purchasable","13":"product-type-variable","14":"wvs-archive-product-wrapper"},"acf":[],"_links":{"self":[{"href":"https:\/\/b2b-armangroup.com\/fr\/wp-json\/wp\/v2\/product\/13914","targetHints":{"allow":["GET"]}}],"collection":[{"href":"https:\/\/b2b-armangroup.com\/fr\/wp-json\/wp\/v2\/product"}],"about":[{"href":"https:\/\/b2b-armangroup.com\/fr\/wp-json\/wp\/v2\/types\/product"}],"replies":[{"embeddable":true,"href":"https:\/\/b2b-armangroup.com\/fr\/wp-json\/wp\/v2\/comments?post=13914"}],"version-history":[{"count":2,"href":"https:\/\/b2b-armangroup.com\/fr\/wp-json\/wp\/v2\/product\/13914\/revisions"}],"predecessor-version":[{"id":16005,"href":"https:\/\/b2b-armangroup.com\/fr\/wp-json\/wp\/v2\/product\/13914\/revisions\/16005"}],"wp:featuredmedia":[{"embeddable":true,"href":"https:\/\/b2b-armangroup.com\/fr\/wp-json\/wp\/v2\/media\/13915"}],"wp:attachment":[{"href":"https:\/\/b2b-armangroup.com\/fr\/wp-json\/wp\/v2\/media?parent=13914"}],"wp:term":[{"taxonomy":"product_brand","embeddable":true,"href":"https:\/\/b2b-armangroup.com\/fr\/wp-json\/wp\/v2\/product_brand?post=13914"},{"taxonomy":"product_cat","embeddable":true,"href":"https:\/\/b2b-armangroup.com\/fr\/wp-json\/wp\/v2\/product_cat?post=13914"},{"taxonomy":"product_tag","embeddable":true,"href":"https:\/\/b2b-armangroup.com\/fr\/wp-json\/wp\/v2\/product_tag?post=13914"}],"curies":[{"name":"wp","href":"https:\/\/api.w.org\/{rel}","templated":true}]}}