{"id":13919,"date":"2025-10-25T14:38:19","date_gmt":"2025-10-25T10:38:19","guid":{"rendered":"https:\/\/b2b-armangroup.com\/?post_type=product&#038;p=13919"},"modified":"2026-03-11T14:52:54","modified_gmt":"2026-03-11T10:52:54","slug":"teida-red-mint-herbal-tea-22-tea-pyramids-55-g","status":"publish","type":"product","link":"https:\/\/b2b-armangroup.com\/fr\/produit\/teida-red-mint-herbal-tea-22-tea-pyramids-55-g\/","title":{"rendered":"Teida \u2014 Tisane Red Mint \u2014 22 Pyramides de Th\u00e9 (55 g)"},"content":{"rendered":"","protected":false},"excerpt":{"rendered":"<p class=\"p1\">Teida Tisane Red Mint 22 pyramides (55 g). M\u00e9lange tonifiant sans caf\u00e9ine \u00e0 base d\u2019hibiscus, de menthe et de morceaux de fraise. Riche en vitamines et min\u00e9raux, cette infusion favorise la circulation sanguine et procure une sensation de fra\u00eecheur et d\u2019\u00e9quilibre. Sans ar\u00f4mes ni colorants artificiels.<\/p>\n<p>1,59\u20ac<\/p>","protected":false},"featured_media":13921,"comment_status":"open","ping_status":"closed","template":"","meta":{"_acf_changed":false},"product_brand":[],"product_cat":[188,179],"product_tag":[],"class_list":{"0":"post-13919","1":"product","2":"type-product","3":"status-publish","4":"has-post-thumbnail","6":"product_cat-drinks-beverages","7":"product_cat-coffee-and-tea","9":"first","10":"instock","11":"shipping-taxable","12":"purchasable","13":"product-type-variable","14":"wvs-archive-product-wrapper"},"acf":[],"_links":{"self":[{"href":"https:\/\/b2b-armangroup.com\/fr\/wp-json\/wp\/v2\/product\/13919","targetHints":{"allow":["GET"]}}],"collection":[{"href":"https:\/\/b2b-armangroup.com\/fr\/wp-json\/wp\/v2\/product"}],"about":[{"href":"https:\/\/b2b-armangroup.com\/fr\/wp-json\/wp\/v2\/types\/product"}],"replies":[{"embeddable":true,"href":"https:\/\/b2b-armangroup.com\/fr\/wp-json\/wp\/v2\/comments?post=13919"}],"version-history":[{"count":2,"href":"https:\/\/b2b-armangroup.com\/fr\/wp-json\/wp\/v2\/product\/13919\/revisions"}],"predecessor-version":[{"id":16011,"href":"https:\/\/b2b-armangroup.com\/fr\/wp-json\/wp\/v2\/product\/13919\/revisions\/16011"}],"wp:featuredmedia":[{"embeddable":true,"href":"https:\/\/b2b-armangroup.com\/fr\/wp-json\/wp\/v2\/media\/13921"}],"wp:attachment":[{"href":"https:\/\/b2b-armangroup.com\/fr\/wp-json\/wp\/v2\/media?parent=13919"}],"wp:term":[{"taxonomy":"product_brand","embeddable":true,"href":"https:\/\/b2b-armangroup.com\/fr\/wp-json\/wp\/v2\/product_brand?post=13919"},{"taxonomy":"product_cat","embeddable":true,"href":"https:\/\/b2b-armangroup.com\/fr\/wp-json\/wp\/v2\/product_cat?post=13919"},{"taxonomy":"product_tag","embeddable":true,"href":"https:\/\/b2b-armangroup.com\/fr\/wp-json\/wp\/v2\/product_tag?post=13919"}],"curies":[{"name":"wp","href":"https:\/\/api.w.org\/{rel}","templated":true}]}}