{"id":13924,"date":"2025-10-25T14:43:03","date_gmt":"2025-10-25T10:43:03","guid":{"rendered":"https:\/\/b2b-armangroup.com\/?post_type=product&#038;p=13924"},"modified":"2026-03-11T14:34:17","modified_gmt":"2026-03-11T10:34:17","slug":"teida-berry-mix-black-tea-22-tea-pyramids-55-g","status":"publish","type":"product","link":"https:\/\/b2b-armangroup.com\/fr\/produit\/teida-berry-mix-black-tea-22-tea-pyramids-55-g\/","title":{"rendered":"Teida \u2014 Th\u00e9 Noir M\u00e9lange de Baies \u2014 22 Pyramides de Th\u00e9 (55 g)"},"content":{"rendered":"","protected":false},"excerpt":{"rendered":"<p class=\"p1\">Teida Th\u00e9 Noir M\u00e9lange de Baies 22 pyramides (55 g). Un th\u00e9 noir indien de qualit\u00e9 sup\u00e9rieure associ\u00e9 \u00e0 un m\u00e9lange savoureux de m\u00fbre, fraise, cassis et cerise s\u00e9ch\u00e9es. Son go\u00fbt fruit\u00e9 intense et son ar\u00f4me r\u00e9confortant stimulent les sens tout en renfor\u00e7ant les d\u00e9fenses naturelles de l\u2019organisme.<\/p>\n<p>1,59\u20ac<\/p>","protected":false},"featured_media":13926,"comment_status":"open","ping_status":"closed","template":"","meta":{"_acf_changed":false},"product_brand":[],"product_cat":[188,179],"product_tag":[],"class_list":{"0":"post-13924","1":"product","2":"type-product","3":"status-publish","4":"has-post-thumbnail","6":"product_cat-drinks-beverages","7":"product_cat-coffee-and-tea","9":"first","10":"instock","11":"shipping-taxable","12":"purchasable","13":"product-type-variable","14":"wvs-archive-product-wrapper"},"acf":[],"_links":{"self":[{"href":"https:\/\/b2b-armangroup.com\/fr\/wp-json\/wp\/v2\/product\/13924","targetHints":{"allow":["GET"]}}],"collection":[{"href":"https:\/\/b2b-armangroup.com\/fr\/wp-json\/wp\/v2\/product"}],"about":[{"href":"https:\/\/b2b-armangroup.com\/fr\/wp-json\/wp\/v2\/types\/product"}],"replies":[{"embeddable":true,"href":"https:\/\/b2b-armangroup.com\/fr\/wp-json\/wp\/v2\/comments?post=13924"}],"version-history":[{"count":2,"href":"https:\/\/b2b-armangroup.com\/fr\/wp-json\/wp\/v2\/product\/13924\/revisions"}],"predecessor-version":[{"id":16006,"href":"https:\/\/b2b-armangroup.com\/fr\/wp-json\/wp\/v2\/product\/13924\/revisions\/16006"}],"wp:featuredmedia":[{"embeddable":true,"href":"https:\/\/b2b-armangroup.com\/fr\/wp-json\/wp\/v2\/media\/13926"}],"wp:attachment":[{"href":"https:\/\/b2b-armangroup.com\/fr\/wp-json\/wp\/v2\/media?parent=13924"}],"wp:term":[{"taxonomy":"product_brand","embeddable":true,"href":"https:\/\/b2b-armangroup.com\/fr\/wp-json\/wp\/v2\/product_brand?post=13924"},{"taxonomy":"product_cat","embeddable":true,"href":"https:\/\/b2b-armangroup.com\/fr\/wp-json\/wp\/v2\/product_cat?post=13924"},{"taxonomy":"product_tag","embeddable":true,"href":"https:\/\/b2b-armangroup.com\/fr\/wp-json\/wp\/v2\/product_tag?post=13924"}],"curies":[{"name":"wp","href":"https:\/\/api.w.org\/{rel}","templated":true}]}}