{"id":13929,"date":"2025-10-25T14:47:57","date_gmt":"2025-10-25T10:47:57","guid":{"rendered":"https:\/\/b2b-armangroup.com\/?post_type=product&#038;p=13929"},"modified":"2026-03-11T14:35:36","modified_gmt":"2026-03-11T10:35:36","slug":"teida-mountain-mix-no-2-black-tea-22-tea-pyramids-55-g","status":"publish","type":"product","link":"https:\/\/b2b-armangroup.com\/fr\/produit\/teida-mountain-mix-no-2-black-tea-22-tea-pyramids-55-g\/","title":{"rendered":"Teida \u2014 Th\u00e9 Noir Montagne No. 2 \u2014 22 Pyramides de Th\u00e9 (55 g)"},"content":{"rendered":"","protected":false},"excerpt":{"rendered":"<p class=\"p1\">Teida Th\u00e9 Noir Montagne No. 2 22 pyramides (55 g). M\u00e9lange harmonieux de th\u00e9 noir, de thym montagnard, de souci et d\u2019\u00e9glantier. Go\u00fbt riche et herbac\u00e9, apaisant et revigorant. Ce th\u00e9 favorise les d\u00e9fenses naturelles, aide \u00e0 r\u00e9duire l\u2019inflammation et le cholest\u00e9rol.<\/p>\n<p>1,59\u20ac<\/p>","protected":false},"featured_media":13930,"comment_status":"open","ping_status":"closed","template":"","meta":{"_acf_changed":false},"product_brand":[],"product_cat":[188,179],"product_tag":[],"class_list":{"0":"post-13929","1":"product","2":"type-product","3":"status-publish","4":"has-post-thumbnail","6":"product_cat-drinks-beverages","7":"product_cat-coffee-and-tea","9":"first","10":"instock","11":"shipping-taxable","12":"purchasable","13":"product-type-variable","14":"wvs-archive-product-wrapper"},"acf":[],"_links":{"self":[{"href":"https:\/\/b2b-armangroup.com\/fr\/wp-json\/wp\/v2\/product\/13929","targetHints":{"allow":["GET"]}}],"collection":[{"href":"https:\/\/b2b-armangroup.com\/fr\/wp-json\/wp\/v2\/product"}],"about":[{"href":"https:\/\/b2b-armangroup.com\/fr\/wp-json\/wp\/v2\/types\/product"}],"replies":[{"embeddable":true,"href":"https:\/\/b2b-armangroup.com\/fr\/wp-json\/wp\/v2\/comments?post=13929"}],"version-history":[{"count":2,"href":"https:\/\/b2b-armangroup.com\/fr\/wp-json\/wp\/v2\/product\/13929\/revisions"}],"predecessor-version":[{"id":16007,"href":"https:\/\/b2b-armangroup.com\/fr\/wp-json\/wp\/v2\/product\/13929\/revisions\/16007"}],"wp:featuredmedia":[{"embeddable":true,"href":"https:\/\/b2b-armangroup.com\/fr\/wp-json\/wp\/v2\/media\/13930"}],"wp:attachment":[{"href":"https:\/\/b2b-armangroup.com\/fr\/wp-json\/wp\/v2\/media?parent=13929"}],"wp:term":[{"taxonomy":"product_brand","embeddable":true,"href":"https:\/\/b2b-armangroup.com\/fr\/wp-json\/wp\/v2\/product_brand?post=13929"},{"taxonomy":"product_cat","embeddable":true,"href":"https:\/\/b2b-armangroup.com\/fr\/wp-json\/wp\/v2\/product_cat?post=13929"},{"taxonomy":"product_tag","embeddable":true,"href":"https:\/\/b2b-armangroup.com\/fr\/wp-json\/wp\/v2\/product_tag?post=13929"}],"curies":[{"name":"wp","href":"https:\/\/api.w.org\/{rel}","templated":true}]}}