{"id":13950,"date":"2025-10-25T15:18:47","date_gmt":"2025-10-25T11:18:47","guid":{"rendered":"https:\/\/b2b-armangroup.com\/?post_type=product&#038;p=13950"},"modified":"2026-03-11T14:54:22","modified_gmt":"2026-03-11T10:54:22","slug":"teida-royal-karkade-hibiscus-tea-100-g","status":"publish","type":"product","link":"https:\/\/b2b-armangroup.com\/fr\/produit\/teida-royal-karkade-hibiscus-tea-100-g\/","title":{"rendered":"Teida \u2014 Karkad\u00e9 Royal (Fleurs d\u2019Hibiscus) \u2014 100 g"},"content":{"rendered":"","protected":false},"excerpt":{"rendered":"<p class=\"p1\">Teida Karkad\u00e9 Royal 100 g. Th\u00e9 d\u2019hibiscus de premi\u00e8re qualit\u00e9, \u00e0 la belle couleur rubis et au go\u00fbt l\u00e9g\u00e8rement acidul\u00e9. D\u00e9licieux chaud ou glac\u00e9, il est riche en antioxydants et en vitamine C, offrant une boisson rafra\u00eechissante et tonifiante.<\/p>\n<p>1,20\u20ac<\/p>","protected":false},"featured_media":15026,"comment_status":"open","ping_status":"closed","template":"","meta":{"_acf_changed":false},"product_brand":[],"product_cat":[188,179],"product_tag":[],"class_list":{"0":"post-13950","1":"product","2":"type-product","3":"status-publish","4":"has-post-thumbnail","6":"product_cat-drinks-beverages","7":"product_cat-coffee-and-tea","9":"first","10":"instock","11":"shipping-taxable","12":"purchasable","13":"product-type-variable","14":"wvs-archive-product-wrapper"},"acf":[],"_links":{"self":[{"href":"https:\/\/b2b-armangroup.com\/fr\/wp-json\/wp\/v2\/product\/13950","targetHints":{"allow":["GET"]}}],"collection":[{"href":"https:\/\/b2b-armangroup.com\/fr\/wp-json\/wp\/v2\/product"}],"about":[{"href":"https:\/\/b2b-armangroup.com\/fr\/wp-json\/wp\/v2\/types\/product"}],"replies":[{"embeddable":true,"href":"https:\/\/b2b-armangroup.com\/fr\/wp-json\/wp\/v2\/comments?post=13950"}],"version-history":[{"count":1,"href":"https:\/\/b2b-armangroup.com\/fr\/wp-json\/wp\/v2\/product\/13950\/revisions"}],"predecessor-version":[{"id":13954,"href":"https:\/\/b2b-armangroup.com\/fr\/wp-json\/wp\/v2\/product\/13950\/revisions\/13954"}],"wp:featuredmedia":[{"embeddable":true,"href":"https:\/\/b2b-armangroup.com\/fr\/wp-json\/wp\/v2\/media\/15026"}],"wp:attachment":[{"href":"https:\/\/b2b-armangroup.com\/fr\/wp-json\/wp\/v2\/media?parent=13950"}],"wp:term":[{"taxonomy":"product_brand","embeddable":true,"href":"https:\/\/b2b-armangroup.com\/fr\/wp-json\/wp\/v2\/product_brand?post=13950"},{"taxonomy":"product_cat","embeddable":true,"href":"https:\/\/b2b-armangroup.com\/fr\/wp-json\/wp\/v2\/product_cat?post=13950"},{"taxonomy":"product_tag","embeddable":true,"href":"https:\/\/b2b-armangroup.com\/fr\/wp-json\/wp\/v2\/product_tag?post=13950"}],"curies":[{"name":"wp","href":"https:\/\/api.w.org\/{rel}","templated":true}]}}