{"id":13955,"date":"2025-10-25T15:37:42","date_gmt":"2025-10-25T11:37:42","guid":{"rendered":"https:\/\/b2b-armangroup.com\/?post_type=product&#038;p=13955"},"modified":"2025-10-28T14:06:32","modified_gmt":"2025-10-28T10:06:32","slug":"dried-black-mulberry-1-kg","status":"publish","type":"product","link":"https:\/\/b2b-armangroup.com\/fr\/produit\/dried-black-mulberry-1-kg\/","title":{"rendered":"M\u00fbres Noires S\u00e9ch\u00e9es \u2014 1 kg"},"content":{"rendered":"","protected":false},"excerpt":{"rendered":"<p class=\"p1\">M\u00fbres noires s\u00e9ch\u00e9es 1 kg. S\u00e9ch\u00e9es naturellement au soleil, riches en douceur naturelle et en antioxydants. Id\u00e9ales comme collation ou ajout\u00e9es aux c\u00e9r\u00e9ales, p\u00e2tisseries et desserts. 100 % naturelles, sans sucre ajout\u00e9 ni conservateurs.<\/p>\n<p>12\u20ac<\/p>","protected":false},"featured_media":13962,"comment_status":"open","ping_status":"closed","template":"","meta":{"_acf_changed":false},"product_brand":[],"product_cat":[251,181],"product_tag":[],"class_list":{"0":"post-13955","1":"product","2":"type-product","3":"status-publish","4":"has-post-thumbnail","6":"product_cat-dried-fruits-dried-fruits","7":"product_cat-dried-fruits","9":"first","10":"outofstock","11":"shipping-taxable","12":"purchasable","13":"product-type-variable","14":"wvs-archive-product-wrapper"},"acf":[],"_links":{"self":[{"href":"https:\/\/b2b-armangroup.com\/fr\/wp-json\/wp\/v2\/product\/13955","targetHints":{"allow":["GET"]}}],"collection":[{"href":"https:\/\/b2b-armangroup.com\/fr\/wp-json\/wp\/v2\/product"}],"about":[{"href":"https:\/\/b2b-armangroup.com\/fr\/wp-json\/wp\/v2\/types\/product"}],"replies":[{"embeddable":true,"href":"https:\/\/b2b-armangroup.com\/fr\/wp-json\/wp\/v2\/comments?post=13955"}],"version-history":[{"count":1,"href":"https:\/\/b2b-armangroup.com\/fr\/wp-json\/wp\/v2\/product\/13955\/revisions"}],"predecessor-version":[{"id":13958,"href":"https:\/\/b2b-armangroup.com\/fr\/wp-json\/wp\/v2\/product\/13955\/revisions\/13958"}],"wp:featuredmedia":[{"embeddable":true,"href":"https:\/\/b2b-armangroup.com\/fr\/wp-json\/wp\/v2\/media\/13962"}],"wp:attachment":[{"href":"https:\/\/b2b-armangroup.com\/fr\/wp-json\/wp\/v2\/media?parent=13955"}],"wp:term":[{"taxonomy":"product_brand","embeddable":true,"href":"https:\/\/b2b-armangroup.com\/fr\/wp-json\/wp\/v2\/product_brand?post=13955"},{"taxonomy":"product_cat","embeddable":true,"href":"https:\/\/b2b-armangroup.com\/fr\/wp-json\/wp\/v2\/product_cat?post=13955"},{"taxonomy":"product_tag","embeddable":true,"href":"https:\/\/b2b-armangroup.com\/fr\/wp-json\/wp\/v2\/product_tag?post=13955"}],"curies":[{"name":"wp","href":"https:\/\/api.w.org\/{rel}","templated":true}]}}