{"id":14013,"date":"2025-10-25T18:32:44","date_gmt":"2025-10-25T14:32:44","guid":{"rendered":"https:\/\/b2b-armangroup.com\/?post_type=product&#038;p=14013"},"modified":"2026-04-09T13:14:37","modified_gmt":"2026-04-09T09:14:37","slug":"7%d1%8f-assorti-homemade-gentle-3000-g","status":"publish","type":"product","link":"https:\/\/b2b-armangroup.com\/fr\/produit\/7%d1%8f-assorti-homemade-gentle-3000-g\/","title":{"rendered":"7Ya \u2014 Assorti Maison Douce \u2014 3000 g"},"content":{"rendered":"","protected":false},"excerpt":{"rendered":"<p class=\"p1\">7Ya Assorti Maison Douce 3000 g. M\u00e9lange traditionnel de tomates, concombres et poivrons marin\u00e9s dans une saumure naturelle. Recette slave authentique, offrant un go\u00fbt \u00e9quilibr\u00e9 et une texture croquante. Id\u00e9al en accompagnement ou en entr\u00e9e.<\/p>\n<p>4,99\u20ac<\/p>","protected":false},"featured_media":14014,"comment_status":"open","ping_status":"closed","template":"","meta":{"_acf_changed":false},"product_brand":[],"product_cat":[282,280],"product_tag":[],"class_list":{"0":"post-14013","1":"product","2":"type-product","3":"status-publish","4":"has-post-thumbnail","6":"product_cat-canned-slavic-products","7":"product_cat-slavic-products","9":"first","10":"outofstock","11":"shipping-taxable","12":"purchasable","13":"product-type-variable","14":"wvs-archive-product-wrapper"},"acf":[],"_links":{"self":[{"href":"https:\/\/b2b-armangroup.com\/fr\/wp-json\/wp\/v2\/product\/14013","targetHints":{"allow":["GET"]}}],"collection":[{"href":"https:\/\/b2b-armangroup.com\/fr\/wp-json\/wp\/v2\/product"}],"about":[{"href":"https:\/\/b2b-armangroup.com\/fr\/wp-json\/wp\/v2\/types\/product"}],"replies":[{"embeddable":true,"href":"https:\/\/b2b-armangroup.com\/fr\/wp-json\/wp\/v2\/comments?post=14013"}],"version-history":[{"count":2,"href":"https:\/\/b2b-armangroup.com\/fr\/wp-json\/wp\/v2\/product\/14013\/revisions"}],"predecessor-version":[{"id":14027,"href":"https:\/\/b2b-armangroup.com\/fr\/wp-json\/wp\/v2\/product\/14013\/revisions\/14027"}],"wp:featuredmedia":[{"embeddable":true,"href":"https:\/\/b2b-armangroup.com\/fr\/wp-json\/wp\/v2\/media\/14014"}],"wp:attachment":[{"href":"https:\/\/b2b-armangroup.com\/fr\/wp-json\/wp\/v2\/media?parent=14013"}],"wp:term":[{"taxonomy":"product_brand","embeddable":true,"href":"https:\/\/b2b-armangroup.com\/fr\/wp-json\/wp\/v2\/product_brand?post=14013"},{"taxonomy":"product_cat","embeddable":true,"href":"https:\/\/b2b-armangroup.com\/fr\/wp-json\/wp\/v2\/product_cat?post=14013"},{"taxonomy":"product_tag","embeddable":true,"href":"https:\/\/b2b-armangroup.com\/fr\/wp-json\/wp\/v2\/product_tag?post=14013"}],"curies":[{"name":"wp","href":"https:\/\/api.w.org\/{rel}","templated":true}]}}