{"id":14028,"date":"2025-10-25T20:05:03","date_gmt":"2025-10-25T16:05:03","guid":{"rendered":"https:\/\/b2b-armangroup.com\/?post_type=product&#038;p=14028"},"modified":"2025-12-07T15:10:09","modified_gmt":"2025-12-07T11:10:09","slug":"7-ja-pickled-tomatoes-mild-3000-g","status":"publish","type":"product","link":"https:\/\/b2b-armangroup.com\/fr\/produit\/7-ja-pickled-tomatoes-mild-3000-g\/","title":{"rendered":"7 Ja \u2014 Tomates Marin\u00e9es \u00ab Douces \u00bb \u2014 3000 g"},"content":{"rendered":"","protected":false},"excerpt":{"rendered":"<p class=\"p1\">7 Ja Tomates Marin\u00e9es \u00ab Douces \u00bb 3000 g. Tomates enti\u00e8res conserv\u00e9es dans une saumure l\u00e9g\u00e8re avec des herbes naturelles et des \u00e9pices. Go\u00fbt \u00e9quilibr\u00e9 et texture tendre, parfaites pour accompagner les plats, salades et recettes traditionnelles.<\/p>\n<p>4,99\u20ac<\/p>","protected":false},"featured_media":14029,"comment_status":"open","ping_status":"closed","template":"","meta":{"_acf_changed":false},"product_brand":[],"product_cat":[15,282,280],"product_tag":[],"class_list":{"0":"post-14028","1":"product","2":"type-product","3":"status-publish","4":"has-post-thumbnail","6":"product_cat-misc","7":"product_cat-canned-slavic-products","8":"product_cat-slavic-products","10":"first","11":"instock","12":"shipping-taxable","13":"purchasable","14":"product-type-variable","15":"wvs-archive-product-wrapper"},"acf":[],"_links":{"self":[{"href":"https:\/\/b2b-armangroup.com\/fr\/wp-json\/wp\/v2\/product\/14028","targetHints":{"allow":["GET"]}}],"collection":[{"href":"https:\/\/b2b-armangroup.com\/fr\/wp-json\/wp\/v2\/product"}],"about":[{"href":"https:\/\/b2b-armangroup.com\/fr\/wp-json\/wp\/v2\/types\/product"}],"replies":[{"embeddable":true,"href":"https:\/\/b2b-armangroup.com\/fr\/wp-json\/wp\/v2\/comments?post=14028"}],"version-history":[{"count":1,"href":"https:\/\/b2b-armangroup.com\/fr\/wp-json\/wp\/v2\/product\/14028\/revisions"}],"predecessor-version":[{"id":14031,"href":"https:\/\/b2b-armangroup.com\/fr\/wp-json\/wp\/v2\/product\/14028\/revisions\/14031"}],"wp:featuredmedia":[{"embeddable":true,"href":"https:\/\/b2b-armangroup.com\/fr\/wp-json\/wp\/v2\/media\/14029"}],"wp:attachment":[{"href":"https:\/\/b2b-armangroup.com\/fr\/wp-json\/wp\/v2\/media?parent=14028"}],"wp:term":[{"taxonomy":"product_brand","embeddable":true,"href":"https:\/\/b2b-armangroup.com\/fr\/wp-json\/wp\/v2\/product_brand?post=14028"},{"taxonomy":"product_cat","embeddable":true,"href":"https:\/\/b2b-armangroup.com\/fr\/wp-json\/wp\/v2\/product_cat?post=14028"},{"taxonomy":"product_tag","embeddable":true,"href":"https:\/\/b2b-armangroup.com\/fr\/wp-json\/wp\/v2\/product_tag?post=14028"}],"curies":[{"name":"wp","href":"https:\/\/api.w.org\/{rel}","templated":true}]}}