{"id":14032,"date":"2025-10-25T20:11:04","date_gmt":"2025-10-25T16:11:04","guid":{"rendered":"https:\/\/b2b-armangroup.com\/?post_type=product&#038;p=14032"},"modified":"2025-10-25T20:11:04","modified_gmt":"2025-10-25T16:11:04","slug":"emelya-golden-patissons-720-g","status":"publish","type":"product","link":"https:\/\/b2b-armangroup.com\/fr\/produit\/emelya-golden-patissons-720-g\/","title":{"rendered":"Emelya \u2014 P\u00e2tissons Dor\u00e9s \u2014 720 g"},"content":{"rendered":"","protected":false},"excerpt":{"rendered":"<p class=\"p1\">Emelya P\u00e2tissons Dor\u00e9s 720 g. P\u00e2tissons tendres marin\u00e9s dans une saumure aromatique l\u00e9g\u00e8re avec des herbes et des \u00e9pices naturelles. Id\u00e9als comme accompagnement ou hors-d\u2019\u0153uvre. Produit v\u00e9g\u00e9talien au go\u00fbt d\u00e9licatement acidul\u00e9.<\/p>\n<p>2,65\u20ac<\/p>","protected":false},"featured_media":14033,"comment_status":"open","ping_status":"closed","template":"","meta":{"_acf_changed":false},"product_brand":[],"product_cat":[282,280],"product_tag":[],"class_list":{"0":"post-14032","1":"product","2":"type-product","3":"status-publish","4":"has-post-thumbnail","6":"product_cat-canned-slavic-products","7":"product_cat-slavic-products","9":"first","10":"instock","11":"shipping-taxable","12":"purchasable","13":"product-type-variable","14":"wvs-archive-product-wrapper"},"acf":[],"_links":{"self":[{"href":"https:\/\/b2b-armangroup.com\/fr\/wp-json\/wp\/v2\/product\/14032","targetHints":{"allow":["GET"]}}],"collection":[{"href":"https:\/\/b2b-armangroup.com\/fr\/wp-json\/wp\/v2\/product"}],"about":[{"href":"https:\/\/b2b-armangroup.com\/fr\/wp-json\/wp\/v2\/types\/product"}],"replies":[{"embeddable":true,"href":"https:\/\/b2b-armangroup.com\/fr\/wp-json\/wp\/v2\/comments?post=14032"}],"version-history":[{"count":1,"href":"https:\/\/b2b-armangroup.com\/fr\/wp-json\/wp\/v2\/product\/14032\/revisions"}],"predecessor-version":[{"id":14035,"href":"https:\/\/b2b-armangroup.com\/fr\/wp-json\/wp\/v2\/product\/14032\/revisions\/14035"}],"wp:featuredmedia":[{"embeddable":true,"href":"https:\/\/b2b-armangroup.com\/fr\/wp-json\/wp\/v2\/media\/14033"}],"wp:attachment":[{"href":"https:\/\/b2b-armangroup.com\/fr\/wp-json\/wp\/v2\/media?parent=14032"}],"wp:term":[{"taxonomy":"product_brand","embeddable":true,"href":"https:\/\/b2b-armangroup.com\/fr\/wp-json\/wp\/v2\/product_brand?post=14032"},{"taxonomy":"product_cat","embeddable":true,"href":"https:\/\/b2b-armangroup.com\/fr\/wp-json\/wp\/v2\/product_cat?post=14032"},{"taxonomy":"product_tag","embeddable":true,"href":"https:\/\/b2b-armangroup.com\/fr\/wp-json\/wp\/v2\/product_tag?post=14032"}],"curies":[{"name":"wp","href":"https:\/\/api.w.org\/{rel}","templated":true}]}}