{"id":14045,"date":"2025-10-25T20:27:53","date_gmt":"2025-10-25T16:27:53","guid":{"rendered":"https:\/\/b2b-armangroup.com\/?post_type=product&#038;p=14045"},"modified":"2025-10-25T20:28:07","modified_gmt":"2025-10-25T16:28:07","slug":"leis-hmeli-suneli-80-g","status":"publish","type":"product","link":"https:\/\/b2b-armangroup.com\/fr\/produit\/leis-hmeli-suneli-80-g\/","title":{"rendered":"Leis \u2014 Hmeli-Suneli \u2014 80 g"},"content":{"rendered":"","protected":false},"excerpt":{"rendered":"<p class=\"p1\">Leis Hmeli-Suneli 80 g. M\u00e9lange traditionnel d\u2019\u00e9pices et d\u2019herbes g\u00e9orgiennes s\u00e9ch\u00e9es au soleil. Parfait pour viandes, volailles, l\u00e9gumes et sauces. Ingr\u00e9dient essentiel de la cuisine caucasienne pour sa saveur riche et parfum\u00e9e.<\/p>\n<p>0,99\u20ac<\/p>","protected":false},"featured_media":14048,"comment_status":"open","ping_status":"closed","template":"","meta":{"_acf_changed":false},"product_brand":[],"product_cat":[280,284],"product_tag":[],"class_list":{"0":"post-14045","1":"product","2":"type-product","3":"status-publish","4":"has-post-thumbnail","6":"product_cat-slavic-products","7":"product_cat-spices-slavic","9":"first","10":"instock","11":"shipping-taxable","12":"purchasable","13":"product-type-variable","14":"wvs-archive-product-wrapper"},"acf":[],"_links":{"self":[{"href":"https:\/\/b2b-armangroup.com\/fr\/wp-json\/wp\/v2\/product\/14045","targetHints":{"allow":["GET"]}}],"collection":[{"href":"https:\/\/b2b-armangroup.com\/fr\/wp-json\/wp\/v2\/product"}],"about":[{"href":"https:\/\/b2b-armangroup.com\/fr\/wp-json\/wp\/v2\/types\/product"}],"replies":[{"embeddable":true,"href":"https:\/\/b2b-armangroup.com\/fr\/wp-json\/wp\/v2\/comments?post=14045"}],"version-history":[{"count":1,"href":"https:\/\/b2b-armangroup.com\/fr\/wp-json\/wp\/v2\/product\/14045\/revisions"}],"predecessor-version":[{"id":14047,"href":"https:\/\/b2b-armangroup.com\/fr\/wp-json\/wp\/v2\/product\/14045\/revisions\/14047"}],"wp:featuredmedia":[{"embeddable":true,"href":"https:\/\/b2b-armangroup.com\/fr\/wp-json\/wp\/v2\/media\/14048"}],"wp:attachment":[{"href":"https:\/\/b2b-armangroup.com\/fr\/wp-json\/wp\/v2\/media?parent=14045"}],"wp:term":[{"taxonomy":"product_brand","embeddable":true,"href":"https:\/\/b2b-armangroup.com\/fr\/wp-json\/wp\/v2\/product_brand?post=14045"},{"taxonomy":"product_cat","embeddable":true,"href":"https:\/\/b2b-armangroup.com\/fr\/wp-json\/wp\/v2\/product_cat?post=14045"},{"taxonomy":"product_tag","embeddable":true,"href":"https:\/\/b2b-armangroup.com\/fr\/wp-json\/wp\/v2\/product_tag?post=14045"}],"curies":[{"name":"wp","href":"https:\/\/api.w.org\/{rel}","templated":true}]}}