{"id":14049,"date":"2025-10-25T20:33:20","date_gmt":"2025-10-25T16:33:20","guid":{"rendered":"https:\/\/b2b-armangroup.com\/?post_type=product&#038;p=14049"},"modified":"2026-04-09T14:32:30","modified_gmt":"2026-04-09T10:32:30","slug":"pervomaisk-sweetened-condensed-milk-290-g","status":"publish","type":"product","link":"https:\/\/b2b-armangroup.com\/fr\/produit\/pervomaisk-sweetened-condensed-milk-290-g\/","title":{"rendered":"Pervomaisk \u2014 Lait Concentr\u00e9 Sucr\u00e9 \u2014 290 g"},"content":{"rendered":"","protected":false},"excerpt":{"rendered":"<p class=\"p1\">Pervomaisk Lait Concentr\u00e9 Sucr\u00e9 290 g. Lait concentr\u00e9 classique au sucre, \u00e0 la texture cr\u00e9meuse et au go\u00fbt riche. Parfait pour les desserts, le caf\u00e9, la p\u00e2tisserie et les recettes maison. \u00c9labor\u00e9 \u00e0 partir de lait naturel et de sucre selon les normes traditionnelles.<\/p>\n<p>0,95\u20ac<\/p>","protected":false},"featured_media":14050,"comment_status":"open","ping_status":"closed","template":"","meta":{"_acf_changed":false},"product_brand":[],"product_cat":[200,285,280],"product_tag":[],"class_list":{"0":"post-14049","1":"product","2":"type-product","3":"status-publish","4":"has-post-thumbnail","6":"product_cat-condensed-milk","7":"product_cat-condensed-milk-products","8":"product_cat-slavic-products","10":"first","11":"instock","12":"shipping-taxable","13":"purchasable","14":"product-type-variable","15":"wvs-archive-product-wrapper"},"acf":[],"_links":{"self":[{"href":"https:\/\/b2b-armangroup.com\/fr\/wp-json\/wp\/v2\/product\/14049","targetHints":{"allow":["GET"]}}],"collection":[{"href":"https:\/\/b2b-armangroup.com\/fr\/wp-json\/wp\/v2\/product"}],"about":[{"href":"https:\/\/b2b-armangroup.com\/fr\/wp-json\/wp\/v2\/types\/product"}],"replies":[{"embeddable":true,"href":"https:\/\/b2b-armangroup.com\/fr\/wp-json\/wp\/v2\/comments?post=14049"}],"version-history":[{"count":2,"href":"https:\/\/b2b-armangroup.com\/fr\/wp-json\/wp\/v2\/product\/14049\/revisions"}],"predecessor-version":[{"id":14240,"href":"https:\/\/b2b-armangroup.com\/fr\/wp-json\/wp\/v2\/product\/14049\/revisions\/14240"}],"wp:featuredmedia":[{"embeddable":true,"href":"https:\/\/b2b-armangroup.com\/fr\/wp-json\/wp\/v2\/media\/14050"}],"wp:attachment":[{"href":"https:\/\/b2b-armangroup.com\/fr\/wp-json\/wp\/v2\/media?parent=14049"}],"wp:term":[{"taxonomy":"product_brand","embeddable":true,"href":"https:\/\/b2b-armangroup.com\/fr\/wp-json\/wp\/v2\/product_brand?post=14049"},{"taxonomy":"product_cat","embeddable":true,"href":"https:\/\/b2b-armangroup.com\/fr\/wp-json\/wp\/v2\/product_cat?post=14049"},{"taxonomy":"product_tag","embeddable":true,"href":"https:\/\/b2b-armangroup.com\/fr\/wp-json\/wp\/v2\/product_tag?post=14049"}],"curies":[{"name":"wp","href":"https:\/\/api.w.org\/{rel}","templated":true}]}}