{"id":14053,"date":"2025-10-25T20:35:56","date_gmt":"2025-10-25T16:35:56","guid":{"rendered":"https:\/\/b2b-armangroup.com\/?post_type=product&#038;p=14053"},"modified":"2025-10-25T20:35:56","modified_gmt":"2025-10-25T16:35:56","slug":"ukrainka-buckwheat-groats-1000-g","status":"publish","type":"product","link":"https:\/\/b2b-armangroup.com\/fr\/produit\/ukrainka-buckwheat-groats-1000-g\/","title":{"rendered":"Ukrainka \u2014 Sarrasin \u2014 1000 g"},"content":{"rendered":"","protected":false},"excerpt":{"rendered":"<p class=\"p1\">Ukrainka Sarrasin 1000 g. Sarrasin grill\u00e9 de qualit\u00e9 sup\u00e9rieure, riche en prot\u00e9ines, fibres et min\u00e9raux essentiels. Id\u00e9al pour bouillies, soupes et accompagnements. 100% naturel, sans gluten, adapt\u00e9 aux r\u00e9gimes v\u00e9g\u00e9tariens et v\u00e9gans.<\/p>\n<p>1,75\u20ac<\/p>","protected":false},"featured_media":14054,"comment_status":"open","ping_status":"closed","template":"","meta":{"_acf_changed":false},"product_brand":[],"product_cat":[286,280],"product_tag":[],"class_list":{"0":"post-14053","1":"product","2":"type-product","3":"status-publish","4":"has-post-thumbnail","6":"product_cat-packaged-grains","7":"product_cat-slavic-products","9":"first","10":"instock","11":"shipping-taxable","12":"purchasable","13":"product-type-variable","14":"wvs-archive-product-wrapper"},"acf":[],"_links":{"self":[{"href":"https:\/\/b2b-armangroup.com\/fr\/wp-json\/wp\/v2\/product\/14053","targetHints":{"allow":["GET"]}}],"collection":[{"href":"https:\/\/b2b-armangroup.com\/fr\/wp-json\/wp\/v2\/product"}],"about":[{"href":"https:\/\/b2b-armangroup.com\/fr\/wp-json\/wp\/v2\/types\/product"}],"replies":[{"embeddable":true,"href":"https:\/\/b2b-armangroup.com\/fr\/wp-json\/wp\/v2\/comments?post=14053"}],"version-history":[{"count":1,"href":"https:\/\/b2b-armangroup.com\/fr\/wp-json\/wp\/v2\/product\/14053\/revisions"}],"predecessor-version":[{"id":14056,"href":"https:\/\/b2b-armangroup.com\/fr\/wp-json\/wp\/v2\/product\/14053\/revisions\/14056"}],"wp:featuredmedia":[{"embeddable":true,"href":"https:\/\/b2b-armangroup.com\/fr\/wp-json\/wp\/v2\/media\/14054"}],"wp:attachment":[{"href":"https:\/\/b2b-armangroup.com\/fr\/wp-json\/wp\/v2\/media?parent=14053"}],"wp:term":[{"taxonomy":"product_brand","embeddable":true,"href":"https:\/\/b2b-armangroup.com\/fr\/wp-json\/wp\/v2\/product_brand?post=14053"},{"taxonomy":"product_cat","embeddable":true,"href":"https:\/\/b2b-armangroup.com\/fr\/wp-json\/wp\/v2\/product_cat?post=14053"},{"taxonomy":"product_tag","embeddable":true,"href":"https:\/\/b2b-armangroup.com\/fr\/wp-json\/wp\/v2\/product_tag?post=14053"}],"curies":[{"name":"wp","href":"https:\/\/api.w.org\/{rel}","templated":true}]}}