{"id":14098,"date":"2025-10-26T14:21:06","date_gmt":"2025-10-26T10:21:06","guid":{"rendered":"https:\/\/b2b-armangroup.com\/?post_type=product&#038;p=14098"},"modified":"2025-10-26T14:21:06","modified_gmt":"2025-10-26T10:21:06","slug":"xash","status":"publish","type":"product","link":"https:\/\/b2b-armangroup.com\/fr\/produit\/xash\/","title":{"rendered":"Xash"},"content":{"rendered":"","protected":false},"excerpt":{"rendered":"<p>Xash d\u00e9j\u00e0 pr\u00e9par\u00e9 et congel\u00e9. Contactez-nous pour plus d'informations.<\/p>\n<p>9,50\u20ac pour 1 portion<\/p>","protected":false},"featured_media":0,"comment_status":"open","ping_status":"closed","template":"","meta":{"_acf_changed":false},"product_brand":[],"product_cat":[230,229,233,231],"product_tag":[],"class_list":{"0":"post-14098","1":"product","2":"type-product","3":"status-publish","5":"product_cat-basturma","6":"product_cat-meat-products","7":"product_cat-qyufta","8":"product_cat-sujux","10":"first","11":"outofstock","12":"shipping-taxable","13":"product-type-variable","14":"wvs-archive-product-wrapper"},"acf":[],"_links":{"self":[{"href":"https:\/\/b2b-armangroup.com\/fr\/wp-json\/wp\/v2\/product\/14098","targetHints":{"allow":["GET"]}}],"collection":[{"href":"https:\/\/b2b-armangroup.com\/fr\/wp-json\/wp\/v2\/product"}],"about":[{"href":"https:\/\/b2b-armangroup.com\/fr\/wp-json\/wp\/v2\/types\/product"}],"replies":[{"embeddable":true,"href":"https:\/\/b2b-armangroup.com\/fr\/wp-json\/wp\/v2\/comments?post=14098"}],"version-history":[{"count":1,"href":"https:\/\/b2b-armangroup.com\/fr\/wp-json\/wp\/v2\/product\/14098\/revisions"}],"predecessor-version":[{"id":14099,"href":"https:\/\/b2b-armangroup.com\/fr\/wp-json\/wp\/v2\/product\/14098\/revisions\/14099"}],"wp:attachment":[{"href":"https:\/\/b2b-armangroup.com\/fr\/wp-json\/wp\/v2\/media?parent=14098"}],"wp:term":[{"taxonomy":"product_brand","embeddable":true,"href":"https:\/\/b2b-armangroup.com\/fr\/wp-json\/wp\/v2\/product_brand?post=14098"},{"taxonomy":"product_cat","embeddable":true,"href":"https:\/\/b2b-armangroup.com\/fr\/wp-json\/wp\/v2\/product_cat?post=14098"},{"taxonomy":"product_tag","embeddable":true,"href":"https:\/\/b2b-armangroup.com\/fr\/wp-json\/wp\/v2\/product_tag?post=14098"}],"curies":[{"name":"wp","href":"https:\/\/api.w.org\/{rel}","templated":true}]}}