{"id":1422,"date":"2025-03-16T15:31:35","date_gmt":"2025-03-16T11:31:35","guid":{"rendered":"https:\/\/b2b-armangroup.com\/product\/appetite-avshar-670g\/"},"modified":"2026-03-19T17:12:36","modified_gmt":"2026-03-19T13:12:36","slug":"appetite-avshar-670g","status":"publish","type":"product","link":"https:\/\/b2b-armangroup.com\/fr\/produit\/appetite-avshar-670g\/","title":{"rendered":"App\u00e9tit Avshar 670g"},"content":{"rendered":"","protected":false},"excerpt":{"rendered":"<p class=\"p1\">Avshar Ap\u00e9ritif 670 g. Un m\u00e9lange savoureux de l\u00e9gumes et d\u2019\u00e9pices, pr\u00e9par\u00e9 dans une base de tomate riche. Cette relish arm\u00e9nienne traditionnelle ajoute une touche de piquant et de chaleur \u00e0 tous vos plats.<\/p>\n<p>3,25 \u20ac<\/p>","protected":false},"featured_media":16224,"comment_status":"open","ping_status":"closed","template":"","meta":{"_acf_changed":false},"product_brand":[],"product_cat":[174,194,176,198],"product_tag":[77,78],"class_list":{"0":"post-1422","1":"product","2":"type-product","3":"status-publish","4":"has-post-thumbnail","6":"product_cat-all-collections","7":"product_cat-avshar","8":"product_cat-canned-goods","9":"product_cat-canned-vegetables-all-brands","10":"product_tag-avshar","11":"product_tag-78","13":"first","14":"instock","15":"shipping-taxable","16":"purchasable","17":"product-type-variable","18":"wvs-archive-product-wrapper"},"acf":[],"_links":{"self":[{"href":"https:\/\/b2b-armangroup.com\/fr\/wp-json\/wp\/v2\/product\/1422","targetHints":{"allow":["GET"]}}],"collection":[{"href":"https:\/\/b2b-armangroup.com\/fr\/wp-json\/wp\/v2\/product"}],"about":[{"href":"https:\/\/b2b-armangroup.com\/fr\/wp-json\/wp\/v2\/types\/product"}],"replies":[{"embeddable":true,"href":"https:\/\/b2b-armangroup.com\/fr\/wp-json\/wp\/v2\/comments?post=1422"}],"version-history":[{"count":4,"href":"https:\/\/b2b-armangroup.com\/fr\/wp-json\/wp\/v2\/product\/1422\/revisions"}],"predecessor-version":[{"id":13521,"href":"https:\/\/b2b-armangroup.com\/fr\/wp-json\/wp\/v2\/product\/1422\/revisions\/13521"}],"wp:featuredmedia":[{"embeddable":true,"href":"https:\/\/b2b-armangroup.com\/fr\/wp-json\/wp\/v2\/media\/16224"}],"wp:attachment":[{"href":"https:\/\/b2b-armangroup.com\/fr\/wp-json\/wp\/v2\/media?parent=1422"}],"wp:term":[{"taxonomy":"product_brand","embeddable":true,"href":"https:\/\/b2b-armangroup.com\/fr\/wp-json\/wp\/v2\/product_brand?post=1422"},{"taxonomy":"product_cat","embeddable":true,"href":"https:\/\/b2b-armangroup.com\/fr\/wp-json\/wp\/v2\/product_cat?post=1422"},{"taxonomy":"product_tag","embeddable":true,"href":"https:\/\/b2b-armangroup.com\/fr\/wp-json\/wp\/v2\/product_tag?post=1422"}],"curies":[{"name":"wp","href":"https:\/\/api.w.org\/{rel}","templated":true}]}}