{"id":1428,"date":"2025-03-16T15:31:36","date_gmt":"2025-03-16T11:31:36","guid":{"rendered":"https:\/\/b2b-armangroup.com\/product\/%d5%a1%d5%ad%d5%b8%d6%80%d5%aa%d5%a1%d5%af-%d5%bc%d5%b8%d5%b5%d5%a1%d5%ac-480%d5%a3\/"},"modified":"2026-03-25T00:22:55","modified_gmt":"2026-03-24T20:22:55","slug":"%d5%a1%d5%ad%d5%b8%d6%80%d5%aa%d5%a1%d5%af-%d5%bc%d5%b8%d5%b5%d5%a1%d5%ac-480%d5%a3","status":"publish","type":"product","link":"https:\/\/b2b-armangroup.com\/fr\/produit\/%d5%a1%d5%ad%d5%b8%d6%80%d5%aa%d5%a1%d5%af-%d5%bc%d5%b8%d5%b5%d5%a1%d5%ac-480%d5%a3\/","title":{"rendered":"Royal - App\u00e9tit - 480g"},"content":{"rendered":"","protected":false},"excerpt":{"rendered":"<p class=\"p1\">Royal App\u00e9tit 480 g. Tartinade de l\u00e9gumes pr\u00e9par\u00e9e \u00e0 base de tomates, poivrons et aubergines, assaisonn\u00e9e d\u2019herbes et d\u2019\u00e9pices. Savoureuse en accompagnement ou sur du pain.<\/p>\n<p>3,40 \u20ac<\/p>","protected":false},"featured_media":16259,"comment_status":"open","ping_status":"closed","template":"","meta":{"_acf_changed":false},"product_brand":[],"product_cat":[174,176,198,209],"product_tag":[85,78,80],"class_list":{"0":"post-1428","1":"product","2":"type-product","3":"status-publish","4":"has-post-thumbnail","6":"product_cat-all-collections","7":"product_cat-canned-goods","8":"product_cat-canned-vegetables-all-brands","9":"product_cat-royal","10":"product_tag-85","11":"product_tag-78","12":"product_tag-80","14":"first","15":"instock","16":"shipping-taxable","17":"purchasable","18":"product-type-variable","19":"wvs-archive-product-wrapper"},"acf":[],"_links":{"self":[{"href":"https:\/\/b2b-armangroup.com\/fr\/wp-json\/wp\/v2\/product\/1428","targetHints":{"allow":["GET"]}}],"collection":[{"href":"https:\/\/b2b-armangroup.com\/fr\/wp-json\/wp\/v2\/product"}],"about":[{"href":"https:\/\/b2b-armangroup.com\/fr\/wp-json\/wp\/v2\/types\/product"}],"replies":[{"embeddable":true,"href":"https:\/\/b2b-armangroup.com\/fr\/wp-json\/wp\/v2\/comments?post=1428"}],"version-history":[{"count":6,"href":"https:\/\/b2b-armangroup.com\/fr\/wp-json\/wp\/v2\/product\/1428\/revisions"}],"predecessor-version":[{"id":15170,"href":"https:\/\/b2b-armangroup.com\/fr\/wp-json\/wp\/v2\/product\/1428\/revisions\/15170"}],"wp:featuredmedia":[{"embeddable":true,"href":"https:\/\/b2b-armangroup.com\/fr\/wp-json\/wp\/v2\/media\/16259"}],"wp:attachment":[{"href":"https:\/\/b2b-armangroup.com\/fr\/wp-json\/wp\/v2\/media?parent=1428"}],"wp:term":[{"taxonomy":"product_brand","embeddable":true,"href":"https:\/\/b2b-armangroup.com\/fr\/wp-json\/wp\/v2\/product_brand?post=1428"},{"taxonomy":"product_cat","embeddable":true,"href":"https:\/\/b2b-armangroup.com\/fr\/wp-json\/wp\/v2\/product_cat?post=1428"},{"taxonomy":"product_tag","embeddable":true,"href":"https:\/\/b2b-armangroup.com\/fr\/wp-json\/wp\/v2\/product_tag?post=1428"}],"curies":[{"name":"wp","href":"https:\/\/api.w.org\/{rel}","templated":true}]}}