{"id":14320,"date":"2025-11-01T15:33:09","date_gmt":"2025-11-01T11:33:09","guid":{"rendered":"https:\/\/b2b-armangroup.com\/?post_type=product&#038;p=14320"},"modified":"2025-11-22T16:55:11","modified_gmt":"2025-11-22T12:55:11","slug":"artfood-caucasian-red-pepper-sauce-spicy-adjika-520-g","status":"publish","type":"product","link":"https:\/\/b2b-armangroup.com\/fr\/produit\/artfood-caucasian-red-pepper-sauce-spicy-adjika-520-g\/","title":{"rendered":"Artfood \u2014 Sauce de Poivron Rouge du Caucase Piquante (Adjika) \u2014 520 g"},"content":{"rendered":"","protected":false},"excerpt":{"rendered":"<p class=\"p1\">Artfood Sauce de Poivron Rouge du Caucase Piquante (Adjika) 520 g. P\u00e2te \u00e9pic\u00e9e traditionnelle \u00e0 base de poivrons rouges frais, d\u2019ail, d\u2019herbes et d\u2019\u00e9pices naturelles. Go\u00fbt intense et relev\u00e9, id\u00e9ale pour viandes grill\u00e9es, marinades, soupes et entr\u00e9es. Sans conservateurs artificiels.<\/p>\n<p>2,20\u20ac<\/p>","protected":false},"featured_media":14859,"comment_status":"open","ping_status":"closed","template":"","meta":{"_acf_changed":false},"product_brand":[],"product_cat":[297,176],"product_tag":[],"class_list":{"0":"post-14320","1":"product","2":"type-product","3":"status-publish","4":"has-post-thumbnail","6":"product_cat-art-food","7":"product_cat-canned-goods","9":"first","10":"instock","11":"shipping-taxable","12":"purchasable","13":"product-type-variable","14":"wvs-archive-product-wrapper"},"acf":[],"_links":{"self":[{"href":"https:\/\/b2b-armangroup.com\/fr\/wp-json\/wp\/v2\/product\/14320","targetHints":{"allow":["GET"]}}],"collection":[{"href":"https:\/\/b2b-armangroup.com\/fr\/wp-json\/wp\/v2\/product"}],"about":[{"href":"https:\/\/b2b-armangroup.com\/fr\/wp-json\/wp\/v2\/types\/product"}],"replies":[{"embeddable":true,"href":"https:\/\/b2b-armangroup.com\/fr\/wp-json\/wp\/v2\/comments?post=14320"}],"version-history":[{"count":2,"href":"https:\/\/b2b-armangroup.com\/fr\/wp-json\/wp\/v2\/product\/14320\/revisions"}],"predecessor-version":[{"id":14539,"href":"https:\/\/b2b-armangroup.com\/fr\/wp-json\/wp\/v2\/product\/14320\/revisions\/14539"}],"wp:featuredmedia":[{"embeddable":true,"href":"https:\/\/b2b-armangroup.com\/fr\/wp-json\/wp\/v2\/media\/14859"}],"wp:attachment":[{"href":"https:\/\/b2b-armangroup.com\/fr\/wp-json\/wp\/v2\/media?parent=14320"}],"wp:term":[{"taxonomy":"product_brand","embeddable":true,"href":"https:\/\/b2b-armangroup.com\/fr\/wp-json\/wp\/v2\/product_brand?post=14320"},{"taxonomy":"product_cat","embeddable":true,"href":"https:\/\/b2b-armangroup.com\/fr\/wp-json\/wp\/v2\/product_cat?post=14320"},{"taxonomy":"product_tag","embeddable":true,"href":"https:\/\/b2b-armangroup.com\/fr\/wp-json\/wp\/v2\/product_tag?post=14320"}],"curies":[{"name":"wp","href":"https:\/\/api.w.org\/{rel}","templated":true}]}}