{"id":14330,"date":"2025-11-01T15:55:43","date_gmt":"2025-11-01T11:55:43","guid":{"rendered":"https:\/\/b2b-armangroup.com\/?post_type=product&#038;p=14330"},"modified":"2026-04-12T22:58:05","modified_gmt":"2026-04-12T18:58:05","slug":"artfood-marinated-cucumbers-700-g","status":"publish","type":"product","link":"https:\/\/b2b-armangroup.com\/fr\/produit\/artfood-marinated-cucumbers-700-g\/","title":{"rendered":"Artfood \u2014 Concombres Marin\u00e9s \u2014 700 g"},"content":{"rendered":"","protected":false},"excerpt":{"rendered":"<p class=\"p1\">Artfood Concombres Marin\u00e9s 700 g. Concombres croquants marin\u00e9s avec des herbes et \u00e9pices aromatiques, offrant un go\u00fbt frais et acidul\u00e9. Parfaits en accompagnement, en-cas ou ingr\u00e9dient pour salades et assiettes froides. Conservation naturelle, sans colorants artificiels.<\/p>\n<p>2,10\u20ac<\/p>","protected":false},"featured_media":16576,"comment_status":"open","ping_status":"closed","template":"","meta":{"_acf_changed":false},"product_brand":[],"product_cat":[297,176],"product_tag":[],"class_list":{"0":"post-14330","1":"product","2":"type-product","3":"status-publish","4":"has-post-thumbnail","6":"product_cat-art-food","7":"product_cat-canned-goods","9":"first","10":"outofstock","11":"shipping-taxable","12":"purchasable","13":"product-type-variable","14":"wvs-archive-product-wrapper"},"acf":[],"_links":{"self":[{"href":"https:\/\/b2b-armangroup.com\/fr\/wp-json\/wp\/v2\/product\/14330","targetHints":{"allow":["GET"]}}],"collection":[{"href":"https:\/\/b2b-armangroup.com\/fr\/wp-json\/wp\/v2\/product"}],"about":[{"href":"https:\/\/b2b-armangroup.com\/fr\/wp-json\/wp\/v2\/types\/product"}],"replies":[{"embeddable":true,"href":"https:\/\/b2b-armangroup.com\/fr\/wp-json\/wp\/v2\/comments?post=14330"}],"version-history":[{"count":2,"href":"https:\/\/b2b-armangroup.com\/fr\/wp-json\/wp\/v2\/product\/14330\/revisions"}],"predecessor-version":[{"id":14541,"href":"https:\/\/b2b-armangroup.com\/fr\/wp-json\/wp\/v2\/product\/14330\/revisions\/14541"}],"wp:featuredmedia":[{"embeddable":true,"href":"https:\/\/b2b-armangroup.com\/fr\/wp-json\/wp\/v2\/media\/16576"}],"wp:attachment":[{"href":"https:\/\/b2b-armangroup.com\/fr\/wp-json\/wp\/v2\/media?parent=14330"}],"wp:term":[{"taxonomy":"product_brand","embeddable":true,"href":"https:\/\/b2b-armangroup.com\/fr\/wp-json\/wp\/v2\/product_brand?post=14330"},{"taxonomy":"product_cat","embeddable":true,"href":"https:\/\/b2b-armangroup.com\/fr\/wp-json\/wp\/v2\/product_cat?post=14330"},{"taxonomy":"product_tag","embeddable":true,"href":"https:\/\/b2b-armangroup.com\/fr\/wp-json\/wp\/v2\/product_tag?post=14330"}],"curies":[{"name":"wp","href":"https:\/\/api.w.org\/{rel}","templated":true}]}}