{"id":14342,"date":"2025-11-01T16:19:04","date_gmt":"2025-11-01T12:19:04","guid":{"rendered":"https:\/\/b2b-armangroup.com\/?post_type=product&#038;p=14342"},"modified":"2026-04-12T23:06:16","modified_gmt":"2026-04-12T19:06:16","slug":"artfood-grilled-vegetables-700-g","status":"publish","type":"product","link":"https:\/\/b2b-armangroup.com\/fr\/produit\/artfood-grilled-vegetables-700-g\/","title":{"rendered":"Artfood \u2014 L\u00e9gumes Grill\u00e9s \u2014 700 g"},"content":{"rendered":"","protected":false},"excerpt":{"rendered":"<p class=\"p1\">Artfood L\u00e9gumes Grill\u00e9s 700 g. M\u00e9lange de l\u00e9gumes r\u00f4tis au feu, incluant aubergine, poivron et tomate, marin\u00e9s avec herbes et \u00e9pices. Pr\u00eat \u00e0 servir en accompagnement, en salade ou en entr\u00e9e. Produit naturel, sans additifs artificiels.<\/p>\n<p>2,10\u20ac<\/p>","protected":false},"featured_media":16584,"comment_status":"open","ping_status":"closed","template":"","meta":{"_acf_changed":false},"product_brand":[],"product_cat":[297,176],"product_tag":[],"class_list":{"0":"post-14342","1":"product","2":"type-product","3":"status-publish","4":"has-post-thumbnail","6":"product_cat-art-food","7":"product_cat-canned-goods","9":"first","10":"outofstock","11":"shipping-taxable","12":"purchasable","13":"product-type-variable","14":"wvs-archive-product-wrapper"},"acf":[],"_links":{"self":[{"href":"https:\/\/b2b-armangroup.com\/fr\/wp-json\/wp\/v2\/product\/14342","targetHints":{"allow":["GET"]}}],"collection":[{"href":"https:\/\/b2b-armangroup.com\/fr\/wp-json\/wp\/v2\/product"}],"about":[{"href":"https:\/\/b2b-armangroup.com\/fr\/wp-json\/wp\/v2\/types\/product"}],"replies":[{"embeddable":true,"href":"https:\/\/b2b-armangroup.com\/fr\/wp-json\/wp\/v2\/comments?post=14342"}],"version-history":[{"count":4,"href":"https:\/\/b2b-armangroup.com\/fr\/wp-json\/wp\/v2\/product\/14342\/revisions"}],"predecessor-version":[{"id":15774,"href":"https:\/\/b2b-armangroup.com\/fr\/wp-json\/wp\/v2\/product\/14342\/revisions\/15774"}],"wp:featuredmedia":[{"embeddable":true,"href":"https:\/\/b2b-armangroup.com\/fr\/wp-json\/wp\/v2\/media\/16584"}],"wp:attachment":[{"href":"https:\/\/b2b-armangroup.com\/fr\/wp-json\/wp\/v2\/media?parent=14342"}],"wp:term":[{"taxonomy":"product_brand","embeddable":true,"href":"https:\/\/b2b-armangroup.com\/fr\/wp-json\/wp\/v2\/product_brand?post=14342"},{"taxonomy":"product_cat","embeddable":true,"href":"https:\/\/b2b-armangroup.com\/fr\/wp-json\/wp\/v2\/product_cat?post=14342"},{"taxonomy":"product_tag","embeddable":true,"href":"https:\/\/b2b-armangroup.com\/fr\/wp-json\/wp\/v2\/product_tag?post=14342"}],"curies":[{"name":"wp","href":"https:\/\/api.w.org\/{rel}","templated":true}]}}