{"id":14346,"date":"2025-11-01T16:31:58","date_gmt":"2025-11-01T12:31:58","guid":{"rendered":"https:\/\/b2b-armangroup.com\/?post_type=product&#038;p=14346"},"modified":"2026-04-12T23:05:20","modified_gmt":"2026-04-12T19:05:20","slug":"artfood-imam-bayaldi-450-g","status":"publish","type":"product","link":"https:\/\/b2b-armangroup.com\/fr\/produit\/artfood-imam-bayaldi-450-g\/","title":{"rendered":"Artfood \u2014 Imam Bayaldi \u2014 450 g"},"content":{"rendered":"","protected":false},"excerpt":{"rendered":"<p class=\"p1\">Artfood Imam Bayaldi 450 g. Plat traditionnel m\u00e9diterran\u00e9en \u00e0 base d\u2019aubergine mijot\u00e9e, farcie de tomates, d\u2019oignons et d\u2019herbes, dans l\u2019huile d\u2019olive. Texture fondante, go\u00fbt riche, pr\u00eat \u00e0 servir en entr\u00e9e froide ou en accompagnement. 100% naturel, sans conservateurs.<\/p>\n<p>1,85\u20ac<\/p>","protected":false},"featured_media":16583,"comment_status":"open","ping_status":"closed","template":"","meta":{"_acf_changed":false},"product_brand":[],"product_cat":[297,176],"product_tag":[],"class_list":{"0":"post-14346","1":"product","2":"type-product","3":"status-publish","4":"has-post-thumbnail","6":"product_cat-art-food","7":"product_cat-canned-goods","9":"first","10":"outofstock","11":"shipping-taxable","12":"purchasable","13":"product-type-variable","14":"wvs-archive-product-wrapper"},"acf":[],"_links":{"self":[{"href":"https:\/\/b2b-armangroup.com\/fr\/wp-json\/wp\/v2\/product\/14346","targetHints":{"allow":["GET"]}}],"collection":[{"href":"https:\/\/b2b-armangroup.com\/fr\/wp-json\/wp\/v2\/product"}],"about":[{"href":"https:\/\/b2b-armangroup.com\/fr\/wp-json\/wp\/v2\/types\/product"}],"replies":[{"embeddable":true,"href":"https:\/\/b2b-armangroup.com\/fr\/wp-json\/wp\/v2\/comments?post=14346"}],"version-history":[{"count":2,"href":"https:\/\/b2b-armangroup.com\/fr\/wp-json\/wp\/v2\/product\/14346\/revisions"}],"predecessor-version":[{"id":14548,"href":"https:\/\/b2b-armangroup.com\/fr\/wp-json\/wp\/v2\/product\/14346\/revisions\/14548"}],"wp:featuredmedia":[{"embeddable":true,"href":"https:\/\/b2b-armangroup.com\/fr\/wp-json\/wp\/v2\/media\/16583"}],"wp:attachment":[{"href":"https:\/\/b2b-armangroup.com\/fr\/wp-json\/wp\/v2\/media?parent=14346"}],"wp:term":[{"taxonomy":"product_brand","embeddable":true,"href":"https:\/\/b2b-armangroup.com\/fr\/wp-json\/wp\/v2\/product_brand?post=14346"},{"taxonomy":"product_cat","embeddable":true,"href":"https:\/\/b2b-armangroup.com\/fr\/wp-json\/wp\/v2\/product_cat?post=14346"},{"taxonomy":"product_tag","embeddable":true,"href":"https:\/\/b2b-armangroup.com\/fr\/wp-json\/wp\/v2\/product_tag?post=14346"}],"curies":[{"name":"wp","href":"https:\/\/api.w.org\/{rel}","templated":true}]}}