{"id":14350,"date":"2025-11-01T16:36:25","date_gmt":"2025-11-01T12:36:25","guid":{"rendered":"https:\/\/b2b-armangroup.com\/?post_type=product&#038;p=14350"},"modified":"2026-02-26T21:38:48","modified_gmt":"2026-02-26T17:38:48","slug":"artfood-chilli-pepper-in-garlic-oil-435-g","status":"publish","type":"product","link":"https:\/\/b2b-armangroup.com\/fr\/produit\/artfood-chilli-pepper-in-garlic-oil-435-g\/","title":{"rendered":"Artfood \u2014 Piments au Piment Fort dans l\u2019Huile \u00e0 l\u2019Ail \u2014 435 g"},"content":{"rendered":"","protected":false},"excerpt":{"rendered":"<p class=\"p1\">Artfood Piments au Piment Fort dans l\u2019Huile \u00e0 l\u2019Ail 435 g. Piments entiers marin\u00e9s dans une huile \u00e0 l\u2019ail parfum\u00e9e avec herbes. Go\u00fbt intense et relev\u00e9, id\u00e9al pour plats de viande, sandwichs, marinades ou entr\u00e9es. Pr\u00eat \u00e0 servir, sans additifs artificiels.<\/p>\n<p>1,99\u20ac<\/p>","protected":false},"featured_media":14863,"comment_status":"open","ping_status":"closed","template":"","meta":{"_acf_changed":false},"product_brand":[],"product_cat":[297,176],"product_tag":[],"class_list":{"0":"post-14350","1":"product","2":"type-product","3":"status-publish","4":"has-post-thumbnail","6":"product_cat-art-food","7":"product_cat-canned-goods","9":"first","10":"instock","11":"shipping-taxable","12":"purchasable","13":"product-type-variable","14":"wvs-archive-product-wrapper"},"acf":[],"_links":{"self":[{"href":"https:\/\/b2b-armangroup.com\/fr\/wp-json\/wp\/v2\/product\/14350","targetHints":{"allow":["GET"]}}],"collection":[{"href":"https:\/\/b2b-armangroup.com\/fr\/wp-json\/wp\/v2\/product"}],"about":[{"href":"https:\/\/b2b-armangroup.com\/fr\/wp-json\/wp\/v2\/types\/product"}],"replies":[{"embeddable":true,"href":"https:\/\/b2b-armangroup.com\/fr\/wp-json\/wp\/v2\/comments?post=14350"}],"version-history":[{"count":3,"href":"https:\/\/b2b-armangroup.com\/fr\/wp-json\/wp\/v2\/product\/14350\/revisions"}],"predecessor-version":[{"id":15506,"href":"https:\/\/b2b-armangroup.com\/fr\/wp-json\/wp\/v2\/product\/14350\/revisions\/15506"}],"wp:featuredmedia":[{"embeddable":true,"href":"https:\/\/b2b-armangroup.com\/fr\/wp-json\/wp\/v2\/media\/14863"}],"wp:attachment":[{"href":"https:\/\/b2b-armangroup.com\/fr\/wp-json\/wp\/v2\/media?parent=14350"}],"wp:term":[{"taxonomy":"product_brand","embeddable":true,"href":"https:\/\/b2b-armangroup.com\/fr\/wp-json\/wp\/v2\/product_brand?post=14350"},{"taxonomy":"product_cat","embeddable":true,"href":"https:\/\/b2b-armangroup.com\/fr\/wp-json\/wp\/v2\/product_cat?post=14350"},{"taxonomy":"product_tag","embeddable":true,"href":"https:\/\/b2b-armangroup.com\/fr\/wp-json\/wp\/v2\/product_tag?post=14350"}],"curies":[{"name":"wp","href":"https:\/\/api.w.org\/{rel}","templated":true}]}}