{"id":14354,"date":"2025-11-01T16:41:01","date_gmt":"2025-11-01T12:41:01","guid":{"rendered":"https:\/\/b2b-armangroup.com\/?post_type=product&#038;p=14354"},"modified":"2026-04-01T10:56:30","modified_gmt":"2026-04-01T06:56:30","slug":"artfood-eggplant-paste-traditional-caviar-470-g","status":"publish","type":"product","link":"https:\/\/b2b-armangroup.com\/fr\/produit\/artfood-eggplant-paste-traditional-caviar-470-g\/","title":{"rendered":"Artfood \u2014 Caviar d\u2019Aubergine Traditionnel \u2014 470 g"},"content":{"rendered":"","protected":false},"excerpt":{"rendered":"<p class=\"p1\">Artfood Caviar d\u2019Aubergine Traditionnel 470 g. Pur\u00e9e d\u2019aubergines r\u00f4ties, pr\u00e9par\u00e9e avec tomates, oignons et \u00e9pices aromatiques. Recette classique au go\u00fbt riche et l\u00e9g\u00e8rement fum\u00e9. Id\u00e9al sur pain, en entr\u00e9e ou en accompagnement. 100% naturel, sans conservateurs.<\/p>\n<p>1,99\u20ac<\/p>","protected":false},"featured_media":14867,"comment_status":"open","ping_status":"closed","template":"","meta":{"_acf_changed":false},"product_brand":[],"product_cat":[297,176],"product_tag":[],"class_list":{"0":"post-14354","1":"product","2":"type-product","3":"status-publish","4":"has-post-thumbnail","6":"product_cat-art-food","7":"product_cat-canned-goods","9":"first","10":"instock","11":"shipping-taxable","12":"purchasable","13":"product-type-variable","14":"wvs-archive-product-wrapper"},"acf":[],"_links":{"self":[{"href":"https:\/\/b2b-armangroup.com\/fr\/wp-json\/wp\/v2\/product\/14354","targetHints":{"allow":["GET"]}}],"collection":[{"href":"https:\/\/b2b-armangroup.com\/fr\/wp-json\/wp\/v2\/product"}],"about":[{"href":"https:\/\/b2b-armangroup.com\/fr\/wp-json\/wp\/v2\/types\/product"}],"replies":[{"embeddable":true,"href":"https:\/\/b2b-armangroup.com\/fr\/wp-json\/wp\/v2\/comments?post=14354"}],"version-history":[{"count":3,"href":"https:\/\/b2b-armangroup.com\/fr\/wp-json\/wp\/v2\/product\/14354\/revisions"}],"predecessor-version":[{"id":15507,"href":"https:\/\/b2b-armangroup.com\/fr\/wp-json\/wp\/v2\/product\/14354\/revisions\/15507"}],"wp:featuredmedia":[{"embeddable":true,"href":"https:\/\/b2b-armangroup.com\/fr\/wp-json\/wp\/v2\/media\/14867"}],"wp:attachment":[{"href":"https:\/\/b2b-armangroup.com\/fr\/wp-json\/wp\/v2\/media?parent=14354"}],"wp:term":[{"taxonomy":"product_brand","embeddable":true,"href":"https:\/\/b2b-armangroup.com\/fr\/wp-json\/wp\/v2\/product_brand?post=14354"},{"taxonomy":"product_cat","embeddable":true,"href":"https:\/\/b2b-armangroup.com\/fr\/wp-json\/wp\/v2\/product_cat?post=14354"},{"taxonomy":"product_tag","embeddable":true,"href":"https:\/\/b2b-armangroup.com\/fr\/wp-json\/wp\/v2\/product_tag?post=14354"}],"curies":[{"name":"wp","href":"https:\/\/api.w.org\/{rel}","templated":true}]}}