{"id":14358,"date":"2025-11-01T16:58:03","date_gmt":"2025-11-01T12:58:03","guid":{"rendered":"https:\/\/b2b-armangroup.com\/?post_type=product&#038;p=14358"},"modified":"2026-04-21T23:50:37","modified_gmt":"2026-04-21T19:50:37","slug":"artfood-sauce-bon-appetit-700-g","status":"publish","type":"product","link":"https:\/\/b2b-armangroup.com\/fr\/produit\/artfood-sauce-bon-appetit-700-g\/","title":{"rendered":"Artfood \u2014 Sauce Bon App\u00e9tit \u2014 700 g"},"content":{"rendered":"","protected":false},"excerpt":{"rendered":"<p class=\"p1\">Artfood Sauce Bon App\u00e9tit 700 g. Sauce \u00e0 base de tomates, l\u00e9gumes et herbes, l\u00e9g\u00e8rement \u00e9pic\u00e9e. Polyvalente et pr\u00eate \u00e0 l\u2019emploi pour p\u00e2tes, plats de viande, sandwichs ou en dip. Pr\u00e9par\u00e9e naturellement, sans conservateurs artificiels.<\/p>\n<p>2,40\u20ac<\/p>","protected":false},"featured_media":16613,"comment_status":"open","ping_status":"closed","template":"","meta":{"_acf_changed":false},"product_brand":[],"product_cat":[297,176],"product_tag":[],"class_list":{"0":"post-14358","1":"product","2":"type-product","3":"status-publish","4":"has-post-thumbnail","6":"product_cat-art-food","7":"product_cat-canned-goods","9":"first","10":"instock","11":"shipping-taxable","12":"purchasable","13":"product-type-variable","14":"wvs-archive-product-wrapper"},"acf":[],"_links":{"self":[{"href":"https:\/\/b2b-armangroup.com\/fr\/wp-json\/wp\/v2\/product\/14358","targetHints":{"allow":["GET"]}}],"collection":[{"href":"https:\/\/b2b-armangroup.com\/fr\/wp-json\/wp\/v2\/product"}],"about":[{"href":"https:\/\/b2b-armangroup.com\/fr\/wp-json\/wp\/v2\/types\/product"}],"replies":[{"embeddable":true,"href":"https:\/\/b2b-armangroup.com\/fr\/wp-json\/wp\/v2\/comments?post=14358"}],"version-history":[{"count":2,"href":"https:\/\/b2b-armangroup.com\/fr\/wp-json\/wp\/v2\/product\/14358\/revisions"}],"predecessor-version":[{"id":14543,"href":"https:\/\/b2b-armangroup.com\/fr\/wp-json\/wp\/v2\/product\/14358\/revisions\/14543"}],"wp:featuredmedia":[{"embeddable":true,"href":"https:\/\/b2b-armangroup.com\/fr\/wp-json\/wp\/v2\/media\/16613"}],"wp:attachment":[{"href":"https:\/\/b2b-armangroup.com\/fr\/wp-json\/wp\/v2\/media?parent=14358"}],"wp:term":[{"taxonomy":"product_brand","embeddable":true,"href":"https:\/\/b2b-armangroup.com\/fr\/wp-json\/wp\/v2\/product_brand?post=14358"},{"taxonomy":"product_cat","embeddable":true,"href":"https:\/\/b2b-armangroup.com\/fr\/wp-json\/wp\/v2\/product_cat?post=14358"},{"taxonomy":"product_tag","embeddable":true,"href":"https:\/\/b2b-armangroup.com\/fr\/wp-json\/wp\/v2\/product_tag?post=14358"}],"curies":[{"name":"wp","href":"https:\/\/api.w.org\/{rel}","templated":true}]}}