{"id":14362,"date":"2025-11-01T17:02:19","date_gmt":"2025-11-01T13:02:19","guid":{"rendered":"https:\/\/b2b-armangroup.com\/?post_type=product&#038;p=14362"},"modified":"2025-12-26T03:03:54","modified_gmt":"2025-12-25T23:03:54","slug":"artfood-quince-preserve-450-g","status":"publish","type":"product","link":"https:\/\/b2b-armangroup.com\/fr\/produit\/artfood-quince-preserve-450-g\/","title":{"rendered":"Artfood \u2014 Confiture de Coing \u2014 450 g"},"content":{"rendered":"","protected":false},"excerpt":{"rendered":"<p class=\"p1\">Artfood Confiture de Coing 450 g. Confiture arm\u00e9nienne traditionnelle avec morceaux entiers de coing, lentement cuite dans un sirop naturel. Ar\u00f4me intense et douceur \u00e9quilibr\u00e9e. Id\u00e9ale avec du th\u00e9, des desserts, des p\u00e2tisseries ou en garniture. Sans additifs artificiels.<\/p>\n<p>2,40\u20ac<\/p>","protected":false},"featured_media":14857,"comment_status":"open","ping_status":"closed","template":"","meta":{"_acf_changed":false},"product_brand":[],"product_cat":[180,248],"product_tag":[],"class_list":{"0":"post-14362","1":"product","2":"type-product","3":"status-publish","4":"has-post-thumbnail","6":"product_cat-confitures","7":"product_cat-preserve","9":"first","10":"outofstock","11":"shipping-taxable","12":"purchasable","13":"product-type-variable","14":"wvs-archive-product-wrapper"},"acf":[],"_links":{"self":[{"href":"https:\/\/b2b-armangroup.com\/fr\/wp-json\/wp\/v2\/product\/14362","targetHints":{"allow":["GET"]}}],"collection":[{"href":"https:\/\/b2b-armangroup.com\/fr\/wp-json\/wp\/v2\/product"}],"about":[{"href":"https:\/\/b2b-armangroup.com\/fr\/wp-json\/wp\/v2\/types\/product"}],"replies":[{"embeddable":true,"href":"https:\/\/b2b-armangroup.com\/fr\/wp-json\/wp\/v2\/comments?post=14362"}],"version-history":[{"count":2,"href":"https:\/\/b2b-armangroup.com\/fr\/wp-json\/wp\/v2\/product\/14362\/revisions"}],"predecessor-version":[{"id":14544,"href":"https:\/\/b2b-armangroup.com\/fr\/wp-json\/wp\/v2\/product\/14362\/revisions\/14544"}],"wp:featuredmedia":[{"embeddable":true,"href":"https:\/\/b2b-armangroup.com\/fr\/wp-json\/wp\/v2\/media\/14857"}],"wp:attachment":[{"href":"https:\/\/b2b-armangroup.com\/fr\/wp-json\/wp\/v2\/media?parent=14362"}],"wp:term":[{"taxonomy":"product_brand","embeddable":true,"href":"https:\/\/b2b-armangroup.com\/fr\/wp-json\/wp\/v2\/product_brand?post=14362"},{"taxonomy":"product_cat","embeddable":true,"href":"https:\/\/b2b-armangroup.com\/fr\/wp-json\/wp\/v2\/product_cat?post=14362"},{"taxonomy":"product_tag","embeddable":true,"href":"https:\/\/b2b-armangroup.com\/fr\/wp-json\/wp\/v2\/product_tag?post=14362"}],"curies":[{"name":"wp","href":"https:\/\/api.w.org\/{rel}","templated":true}]}}