{"id":14366,"date":"2025-11-01T17:17:07","date_gmt":"2025-11-01T13:17:07","guid":{"rendered":"https:\/\/b2b-armangroup.com\/?post_type=product&#038;p=14366"},"modified":"2026-02-23T23:48:13","modified_gmt":"2026-02-23T19:48:13","slug":"kilikia-lager-beer-330-ml","status":"publish","type":"product","link":"https:\/\/b2b-armangroup.com\/fr\/produit\/kilikia-lager-beer-330-ml\/","title":{"rendered":"Kilikia \u2014 Bi\u00e8re Lager \u2014 330 ml"},"content":{"rendered":"","protected":false},"excerpt":{"rendered":"<p class=\"p1\">Kilikia Bi\u00e8re Lager 330 ml. Bi\u00e8re arm\u00e9nienne traditionnelle, brass\u00e9e avec malt de qualit\u00e9, houblon et eau de source pure. Go\u00fbt l\u00e9ger et rafra\u00eechissant, finale douce et \u00e9quilibr\u00e9e. Alc. 4,8% vol.<\/p>\n<p>0,95\u20ac<\/p>","protected":false},"featured_media":15637,"comment_status":"open","ping_status":"closed","template":"","meta":{"_acf_changed":false},"product_brand":[],"product_cat":[289,174,195,188],"product_tag":[],"class_list":{"0":"post-14366","1":"product","2":"type-product","3":"status-publish","4":"has-post-thumbnail","6":"product_cat-alcoholic-beverages","7":"product_cat-all-collections","8":"product_cat-beer","9":"product_cat-drinks-beverages","11":"first","12":"outofstock","13":"shipping-taxable","14":"product-type-variable","15":"wvs-archive-product-wrapper"},"acf":[],"_links":{"self":[{"href":"https:\/\/b2b-armangroup.com\/fr\/wp-json\/wp\/v2\/product\/14366","targetHints":{"allow":["GET"]}}],"collection":[{"href":"https:\/\/b2b-armangroup.com\/fr\/wp-json\/wp\/v2\/product"}],"about":[{"href":"https:\/\/b2b-armangroup.com\/fr\/wp-json\/wp\/v2\/types\/product"}],"replies":[{"embeddable":true,"href":"https:\/\/b2b-armangroup.com\/fr\/wp-json\/wp\/v2\/comments?post=14366"}],"version-history":[{"count":1,"href":"https:\/\/b2b-armangroup.com\/fr\/wp-json\/wp\/v2\/product\/14366\/revisions"}],"predecessor-version":[{"id":14369,"href":"https:\/\/b2b-armangroup.com\/fr\/wp-json\/wp\/v2\/product\/14366\/revisions\/14369"}],"wp:featuredmedia":[{"embeddable":true,"href":"https:\/\/b2b-armangroup.com\/fr\/wp-json\/wp\/v2\/media\/15637"}],"wp:attachment":[{"href":"https:\/\/b2b-armangroup.com\/fr\/wp-json\/wp\/v2\/media?parent=14366"}],"wp:term":[{"taxonomy":"product_brand","embeddable":true,"href":"https:\/\/b2b-armangroup.com\/fr\/wp-json\/wp\/v2\/product_brand?post=14366"},{"taxonomy":"product_cat","embeddable":true,"href":"https:\/\/b2b-armangroup.com\/fr\/wp-json\/wp\/v2\/product_cat?post=14366"},{"taxonomy":"product_tag","embeddable":true,"href":"https:\/\/b2b-armangroup.com\/fr\/wp-json\/wp\/v2\/product_tag?post=14366"}],"curies":[{"name":"wp","href":"https:\/\/api.w.org\/{rel}","templated":true}]}}