{"id":1535,"date":"2025-03-16T15:31:41","date_gmt":"2025-03-16T11:31:41","guid":{"rendered":"https:\/\/b2b-armangroup.com\/product\/apricot-honey-cake-marlenka-800g\/"},"modified":"2025-10-12T13:58:44","modified_gmt":"2025-10-12T09:58:44","slug":"apricot-honey-cake-marlenka-800g","status":"publish","type":"product","link":"https:\/\/b2b-armangroup.com\/fr\/produit\/apricot-honey-cake-marlenka-800g\/","title":{"rendered":"Marlenka \u2014 G\u00e2teau au miel et \u00e0 l\u2019abricot 800 g"},"content":{"rendered":"","protected":false},"excerpt":{"rendered":"<p class=\"p1\">Marlenka G\u00e2teau au miel et \u00e0 l\u2019abricot 800 g. G\u00e2teau au miel \u00e0 plusieurs couches, garni d\u2019une cr\u00e8me d\u2019abricot onctueuse et de miel doux. Pr\u00e9par\u00e9 selon une recette familiale arm\u00e9nienne, alliant fra\u00eecheur fruit\u00e9e et douceur raffin\u00e9e. Format : 800 g.<\/p>\n<p>9,68 \u20ac<\/p>","protected":false},"featured_media":13333,"comment_status":"open","ping_status":"closed","template":"","meta":{"_acf_changed":false},"product_brand":[],"product_cat":[174,185],"product_tag":[91],"class_list":{"0":"post-1535","1":"product","2":"type-product","3":"status-publish","4":"has-post-thumbnail","6":"product_cat-all-collections","7":"product_cat-marlenka","8":"product_tag-91","10":"first","11":"instock","12":"shipping-taxable","13":"purchasable","14":"product-type-variable","15":"wvs-archive-product-wrapper"},"acf":[],"_links":{"self":[{"href":"https:\/\/b2b-armangroup.com\/fr\/wp-json\/wp\/v2\/product\/1535","targetHints":{"allow":["GET"]}}],"collection":[{"href":"https:\/\/b2b-armangroup.com\/fr\/wp-json\/wp\/v2\/product"}],"about":[{"href":"https:\/\/b2b-armangroup.com\/fr\/wp-json\/wp\/v2\/types\/product"}],"replies":[{"embeddable":true,"href":"https:\/\/b2b-armangroup.com\/fr\/wp-json\/wp\/v2\/comments?post=1535"}],"version-history":[{"count":2,"href":"https:\/\/b2b-armangroup.com\/fr\/wp-json\/wp\/v2\/product\/1535\/revisions"}],"predecessor-version":[{"id":13334,"href":"https:\/\/b2b-armangroup.com\/fr\/wp-json\/wp\/v2\/product\/1535\/revisions\/13334"}],"wp:featuredmedia":[{"embeddable":true,"href":"https:\/\/b2b-armangroup.com\/fr\/wp-json\/wp\/v2\/media\/13333"}],"wp:attachment":[{"href":"https:\/\/b2b-armangroup.com\/fr\/wp-json\/wp\/v2\/media?parent=1535"}],"wp:term":[{"taxonomy":"product_brand","embeddable":true,"href":"https:\/\/b2b-armangroup.com\/fr\/wp-json\/wp\/v2\/product_brand?post=1535"},{"taxonomy":"product_cat","embeddable":true,"href":"https:\/\/b2b-armangroup.com\/fr\/wp-json\/wp\/v2\/product_cat?post=1535"},{"taxonomy":"product_tag","embeddable":true,"href":"https:\/\/b2b-armangroup.com\/fr\/wp-json\/wp\/v2\/product_tag?post=1535"}],"curies":[{"name":"wp","href":"https:\/\/api.w.org\/{rel}","templated":true}]}}