{"id":15453,"date":"2026-02-19T23:08:14","date_gmt":"2026-02-19T19:08:14","guid":{"rendered":"https:\/\/b2b-armangroup.com\/?post_type=product&#038;p=15453"},"modified":"2026-02-23T11:31:00","modified_gmt":"2026-02-23T07:31:00","slug":"thym-tea","status":"publish","type":"product","link":"https:\/\/b2b-armangroup.com\/fr\/produit\/thym-tea\/","title":{"rendered":"Thym tea"},"content":{"rendered":"<p>Le thym est une herbe populaire qui est beaucoup utilis\u00e9e dans les recettes. Il est \u00e9galement possible de faire du th\u00e9 avec. Si vous ne l'avez pas encore essay\u00e9, essayez-le maintenant en utilisant la recette ci-dessous!<\/p>","protected":false},"excerpt":{"rendered":"<p>Le thym est une herbe populaire qui est beaucoup utilis\u00e9e dans les recettes. Il est \u00e9galement possible de faire du th\u00e9 avec. Si vous ne l'avez pas encore essay\u00e9, essayez-le maintenant en utilisant la recette ci-dessous!<\/p>\n<p>1,90\u20ac<\/p>\n<p>Quantity In 1 Box:<br \/>\n20<\/p>","protected":false},"featured_media":15454,"comment_status":"open","ping_status":"closed","template":"","meta":{"_acf_changed":false},"product_brand":[],"product_cat":[174,179,260],"product_tag":[],"class_list":{"0":"post-15453","1":"product","2":"type-product","3":"status-publish","4":"has-post-thumbnail","6":"product_cat-all-collections","7":"product_cat-coffee-and-tea","8":"product_cat-new-products","10":"first","11":"instock","12":"shipping-taxable","13":"purchasable","14":"product-type-variable","15":"wvs-archive-product-wrapper"},"acf":[],"_links":{"self":[{"href":"https:\/\/b2b-armangroup.com\/fr\/wp-json\/wp\/v2\/product\/15453","targetHints":{"allow":["GET"]}}],"collection":[{"href":"https:\/\/b2b-armangroup.com\/fr\/wp-json\/wp\/v2\/product"}],"about":[{"href":"https:\/\/b2b-armangroup.com\/fr\/wp-json\/wp\/v2\/types\/product"}],"replies":[{"embeddable":true,"href":"https:\/\/b2b-armangroup.com\/fr\/wp-json\/wp\/v2\/comments?post=15453"}],"version-history":[{"count":5,"href":"https:\/\/b2b-armangroup.com\/fr\/wp-json\/wp\/v2\/product\/15453\/revisions"}],"predecessor-version":[{"id":15555,"href":"https:\/\/b2b-armangroup.com\/fr\/wp-json\/wp\/v2\/product\/15453\/revisions\/15555"}],"wp:featuredmedia":[{"embeddable":true,"href":"https:\/\/b2b-armangroup.com\/fr\/wp-json\/wp\/v2\/media\/15454"}],"wp:attachment":[{"href":"https:\/\/b2b-armangroup.com\/fr\/wp-json\/wp\/v2\/media?parent=15453"}],"wp:term":[{"taxonomy":"product_brand","embeddable":true,"href":"https:\/\/b2b-armangroup.com\/fr\/wp-json\/wp\/v2\/product_brand?post=15453"},{"taxonomy":"product_cat","embeddable":true,"href":"https:\/\/b2b-armangroup.com\/fr\/wp-json\/wp\/v2\/product_cat?post=15453"},{"taxonomy":"product_tag","embeddable":true,"href":"https:\/\/b2b-armangroup.com\/fr\/wp-json\/wp\/v2\/product_tag?post=15453"}],"curies":[{"name":"wp","href":"https:\/\/api.w.org\/{rel}","templated":true}]}}