{"id":15458,"date":"2026-02-19T23:11:53","date_gmt":"2026-02-19T19:11:53","guid":{"rendered":"https:\/\/b2b-armangroup.com\/?post_type=product&#038;p=15458"},"modified":"2026-02-22T22:11:38","modified_gmt":"2026-02-22T18:11:38","slug":"mountain-min-tea","status":"publish","type":"product","link":"https:\/\/b2b-armangroup.com\/fr\/produit\/mountain-min-tea\/","title":{"rendered":"th\u00e9 \u00e0 la menthe des montagnes"},"content":{"rendered":"<p>Le th\u00e9 \u00e0 la menthe des montagnes est une infusion rafra\u00eechissante.R\u00e9put\u00e9 pour ses propri\u00e9t\u00e9s digestives, stimulantes et ses vertus antioxydantes, il se d\u00e9guste chaud ou glac\u00e9. Il offre des notes herbac\u00e9es et une fra\u00eecheur naturelle, souvent sans caf\u00e9ine.<\/p>","protected":false},"excerpt":{"rendered":"<p>Le th\u00e9 \u00e0 la menthe des montagnes est une infusion rafra\u00eechissante.R\u00e9put\u00e9 pour ses propri\u00e9t\u00e9s digestives, stimulantes et ses vertus antioxydantes, il se d\u00e9guste chaud ou glac\u00e9. Il offre des notes herbac\u00e9es et une fra\u00eecheur naturelle, souvent sans caf\u00e9ine.<\/p>\n<p>1,90\u20ac<\/p>\n<p>Quantity In 1 Box:<br \/>\n20<\/p>","protected":false},"featured_media":15459,"comment_status":"open","ping_status":"closed","template":"","meta":{"_acf_changed":false},"product_brand":[],"product_cat":[179],"product_tag":[],"class_list":{"0":"post-15458","1":"product","2":"type-product","3":"status-publish","4":"has-post-thumbnail","6":"product_cat-coffee-and-tea","8":"first","9":"instock","10":"shipping-taxable","11":"purchasable","12":"product-type-variable","13":"wvs-archive-product-wrapper"},"acf":[],"_links":{"self":[{"href":"https:\/\/b2b-armangroup.com\/fr\/wp-json\/wp\/v2\/product\/15458","targetHints":{"allow":["GET"]}}],"collection":[{"href":"https:\/\/b2b-armangroup.com\/fr\/wp-json\/wp\/v2\/product"}],"about":[{"href":"https:\/\/b2b-armangroup.com\/fr\/wp-json\/wp\/v2\/types\/product"}],"replies":[{"embeddable":true,"href":"https:\/\/b2b-armangroup.com\/fr\/wp-json\/wp\/v2\/comments?post=15458"}],"version-history":[{"count":6,"href":"https:\/\/b2b-armangroup.com\/fr\/wp-json\/wp\/v2\/product\/15458\/revisions"}],"predecessor-version":[{"id":15479,"href":"https:\/\/b2b-armangroup.com\/fr\/wp-json\/wp\/v2\/product\/15458\/revisions\/15479"}],"wp:featuredmedia":[{"embeddable":true,"href":"https:\/\/b2b-armangroup.com\/fr\/wp-json\/wp\/v2\/media\/15459"}],"wp:attachment":[{"href":"https:\/\/b2b-armangroup.com\/fr\/wp-json\/wp\/v2\/media?parent=15458"}],"wp:term":[{"taxonomy":"product_brand","embeddable":true,"href":"https:\/\/b2b-armangroup.com\/fr\/wp-json\/wp\/v2\/product_brand?post=15458"},{"taxonomy":"product_cat","embeddable":true,"href":"https:\/\/b2b-armangroup.com\/fr\/wp-json\/wp\/v2\/product_cat?post=15458"},{"taxonomy":"product_tag","embeddable":true,"href":"https:\/\/b2b-armangroup.com\/fr\/wp-json\/wp\/v2\/product_tag?post=15458"}],"curies":[{"name":"wp","href":"https:\/\/api.w.org\/{rel}","templated":true}]}}