{"id":15468,"date":"2026-02-19T23:23:00","date_gmt":"2026-02-19T19:23:00","guid":{"rendered":"https:\/\/b2b-armangroup.com\/?post_type=product&#038;p=15468"},"modified":"2026-02-23T11:28:31","modified_gmt":"2026-02-23T07:28:31","slug":"chamomille-tea","status":"publish","type":"product","link":"https:\/\/b2b-armangroup.com\/fr\/produit\/chamomille-tea\/","title":{"rendered":"La tisane \u00e0 la camomille"},"content":{"rendered":"<p>La tisane \u00e0 la camomille, r\u00e9put\u00e9e pour ses vertus apaisantes, est id\u00e9ale pour favoriser le sommeil, r\u00e9duire le stress et soulager les troubles digestifs (spasmes, ballonnements).<\/p>","protected":false},"excerpt":{"rendered":"<p>La tisane \u00e0 la camomille, r\u00e9put\u00e9e pour ses vertus apaisantes, est id\u00e9ale pour favoriser le sommeil, r\u00e9duire le stress et soulager les troubles digestifs (spasmes, ballonnements).<br \/>\n1,90\u20ac<\/p>\n<p>Quantity In 1 Box:20<\/p>","protected":false},"featured_media":15469,"comment_status":"open","ping_status":"closed","template":"","meta":{"_acf_changed":false},"product_brand":[],"product_cat":[174,179,260],"product_tag":[],"class_list":{"0":"post-15468","1":"product","2":"type-product","3":"status-publish","4":"has-post-thumbnail","6":"product_cat-all-collections","7":"product_cat-coffee-and-tea","8":"product_cat-new-products","10":"first","11":"instock","12":"shipping-taxable","13":"purchasable","14":"product-type-variable","15":"wvs-archive-product-wrapper"},"acf":[],"_links":{"self":[{"href":"https:\/\/b2b-armangroup.com\/fr\/wp-json\/wp\/v2\/product\/15468","targetHints":{"allow":["GET"]}}],"collection":[{"href":"https:\/\/b2b-armangroup.com\/fr\/wp-json\/wp\/v2\/product"}],"about":[{"href":"https:\/\/b2b-armangroup.com\/fr\/wp-json\/wp\/v2\/types\/product"}],"replies":[{"embeddable":true,"href":"https:\/\/b2b-armangroup.com\/fr\/wp-json\/wp\/v2\/comments?post=15468"}],"version-history":[{"count":3,"href":"https:\/\/b2b-armangroup.com\/fr\/wp-json\/wp\/v2\/product\/15468\/revisions"}],"predecessor-version":[{"id":15548,"href":"https:\/\/b2b-armangroup.com\/fr\/wp-json\/wp\/v2\/product\/15468\/revisions\/15548"}],"wp:featuredmedia":[{"embeddable":true,"href":"https:\/\/b2b-armangroup.com\/fr\/wp-json\/wp\/v2\/media\/15469"}],"wp:attachment":[{"href":"https:\/\/b2b-armangroup.com\/fr\/wp-json\/wp\/v2\/media?parent=15468"}],"wp:term":[{"taxonomy":"product_brand","embeddable":true,"href":"https:\/\/b2b-armangroup.com\/fr\/wp-json\/wp\/v2\/product_brand?post=15468"},{"taxonomy":"product_cat","embeddable":true,"href":"https:\/\/b2b-armangroup.com\/fr\/wp-json\/wp\/v2\/product_cat?post=15468"},{"taxonomy":"product_tag","embeddable":true,"href":"https:\/\/b2b-armangroup.com\/fr\/wp-json\/wp\/v2\/product_tag?post=15468"}],"curies":[{"name":"wp","href":"https:\/\/api.w.org\/{rel}","templated":true}]}}