{"id":15471,"date":"2026-02-19T23:25:12","date_gmt":"2026-02-19T19:25:12","guid":{"rendered":"https:\/\/b2b-armangroup.com\/?post_type=product&#038;p=15471"},"modified":"2026-02-23T11:28:05","modified_gmt":"2026-02-23T07:28:05","slug":"chamomille-mint-thyme-tea","status":"publish","type":"product","link":"https:\/\/b2b-armangroup.com\/fr\/produit\/chamomille-mint-thyme-tea\/","title":{"rendered":"Tisane \u00e0 la camomille, \u00e0 la menthe et au thym"},"content":{"rendered":"","protected":false},"excerpt":{"rendered":"<p>La tisane camomille-menthe-thym est une infusion de plantes, souvent bio et sans caf\u00e9ine, con\u00e7ue pour la relaxation et le bien-\u00eatre respiratoire. Alliant les propri\u00e9t\u00e9s apaisantes de la camomille, les bienfaits digestifs de la menthe et les vertus antiseptiques et m\u00e9dicinales du thym, ce m\u00e9lange est appr\u00e9ci\u00e9 pour soulager la congestion et faciliter la digestion.<\/p>\n<p>Quantity In\u00a0 Box:20<br \/>\n1,90\u20ac<\/p>\n<p>&nbsp;<\/p>","protected":false},"featured_media":15472,"comment_status":"open","ping_status":"closed","template":"","meta":{"_acf_changed":false},"product_brand":[],"product_cat":[174,179,260],"product_tag":[],"class_list":{"0":"post-15471","1":"product","2":"type-product","3":"status-publish","4":"has-post-thumbnail","6":"product_cat-all-collections","7":"product_cat-coffee-and-tea","8":"product_cat-new-products","10":"first","11":"instock","12":"shipping-taxable","13":"purchasable","14":"product-type-variable","15":"wvs-archive-product-wrapper"},"acf":[],"_links":{"self":[{"href":"https:\/\/b2b-armangroup.com\/fr\/wp-json\/wp\/v2\/product\/15471","targetHints":{"allow":["GET"]}}],"collection":[{"href":"https:\/\/b2b-armangroup.com\/fr\/wp-json\/wp\/v2\/product"}],"about":[{"href":"https:\/\/b2b-armangroup.com\/fr\/wp-json\/wp\/v2\/types\/product"}],"replies":[{"embeddable":true,"href":"https:\/\/b2b-armangroup.com\/fr\/wp-json\/wp\/v2\/comments?post=15471"}],"version-history":[{"count":4,"href":"https:\/\/b2b-armangroup.com\/fr\/wp-json\/wp\/v2\/product\/15471\/revisions"}],"predecessor-version":[{"id":15547,"href":"https:\/\/b2b-armangroup.com\/fr\/wp-json\/wp\/v2\/product\/15471\/revisions\/15547"}],"wp:featuredmedia":[{"embeddable":true,"href":"https:\/\/b2b-armangroup.com\/fr\/wp-json\/wp\/v2\/media\/15472"}],"wp:attachment":[{"href":"https:\/\/b2b-armangroup.com\/fr\/wp-json\/wp\/v2\/media?parent=15471"}],"wp:term":[{"taxonomy":"product_brand","embeddable":true,"href":"https:\/\/b2b-armangroup.com\/fr\/wp-json\/wp\/v2\/product_brand?post=15471"},{"taxonomy":"product_cat","embeddable":true,"href":"https:\/\/b2b-armangroup.com\/fr\/wp-json\/wp\/v2\/product_cat?post=15471"},{"taxonomy":"product_tag","embeddable":true,"href":"https:\/\/b2b-armangroup.com\/fr\/wp-json\/wp\/v2\/product_tag?post=15471"}],"curies":[{"name":"wp","href":"https:\/\/api.w.org\/{rel}","templated":true}]}}