{"id":15515,"date":"2026-02-20T21:54:04","date_gmt":"2026-02-20T17:54:04","guid":{"rendered":"https:\/\/b2b-armangroup.com\/?post_type=product&#038;p=15515"},"modified":"2026-02-22T22:36:16","modified_gmt":"2026-02-22T18:36:16","slug":"apricot-fruit-vodka-48-05l","status":"publish","type":"product","link":"https:\/\/b2b-armangroup.com\/fr\/produit\/apricot-fruit-vodka-48-05l\/","title":{"rendered":"Vodka \u00e0 l'abricot  48% 0,5l"},"content":{"rendered":"","protected":false},"excerpt":{"rendered":"<p>Symbole unique de la culture nationale, l'abricot est devenu l'embl\u00e8me de l'Arm\u00e9nie. L'histoire de cet abricot royal se cache dans les jardins de MAME, et se retrouve r\u00e9sum\u00e9e dans la vodka \u00e0 l'abricot MAME GARDEN.<\/p>\n<p>Quantit\u00e9 dans la bo\u00eete : 12<\/p>\n<p>1pcs 17,99 \u20ac<\/p>","protected":false},"featured_media":15516,"comment_status":"open","ping_status":"closed","template":"","meta":{"_acf_changed":false},"product_brand":[],"product_cat":[174,188,260,213],"product_tag":[],"class_list":{"0":"post-15515","1":"product","2":"type-product","3":"status-publish","4":"has-post-thumbnail","6":"product_cat-all-collections","7":"product_cat-drinks-beverages","8":"product_cat-new-products","9":"product_cat-vodka","11":"first","12":"instock","13":"shipping-taxable","14":"purchasable","15":"product-type-variable","16":"wvs-archive-product-wrapper"},"acf":[],"_links":{"self":[{"href":"https:\/\/b2b-armangroup.com\/fr\/wp-json\/wp\/v2\/product\/15515","targetHints":{"allow":["GET"]}}],"collection":[{"href":"https:\/\/b2b-armangroup.com\/fr\/wp-json\/wp\/v2\/product"}],"about":[{"href":"https:\/\/b2b-armangroup.com\/fr\/wp-json\/wp\/v2\/types\/product"}],"replies":[{"embeddable":true,"href":"https:\/\/b2b-armangroup.com\/fr\/wp-json\/wp\/v2\/comments?post=15515"}],"version-history":[{"count":3,"href":"https:\/\/b2b-armangroup.com\/fr\/wp-json\/wp\/v2\/product\/15515\/revisions"}],"predecessor-version":[{"id":15535,"href":"https:\/\/b2b-armangroup.com\/fr\/wp-json\/wp\/v2\/product\/15515\/revisions\/15535"}],"wp:featuredmedia":[{"embeddable":true,"href":"https:\/\/b2b-armangroup.com\/fr\/wp-json\/wp\/v2\/media\/15516"}],"wp:attachment":[{"href":"https:\/\/b2b-armangroup.com\/fr\/wp-json\/wp\/v2\/media?parent=15515"}],"wp:term":[{"taxonomy":"product_brand","embeddable":true,"href":"https:\/\/b2b-armangroup.com\/fr\/wp-json\/wp\/v2\/product_brand?post=15515"},{"taxonomy":"product_cat","embeddable":true,"href":"https:\/\/b2b-armangroup.com\/fr\/wp-json\/wp\/v2\/product_cat?post=15515"},{"taxonomy":"product_tag","embeddable":true,"href":"https:\/\/b2b-armangroup.com\/fr\/wp-json\/wp\/v2\/product_tag?post=15515"}],"curies":[{"name":"wp","href":"https:\/\/api.w.org\/{rel}","templated":true}]}}