{"id":16201,"date":"2026-03-17T18:19:17","date_gmt":"2026-03-17T14:19:17","guid":{"rendered":"https:\/\/b2b-armangroup.com\/?post_type=product&#038;p=16201"},"modified":"2026-03-24T23:51:34","modified_gmt":"2026-03-24T19:51:34","slug":"avshar-eggplant-caviar-500-g","status":"publish","type":"product","link":"https:\/\/b2b-armangroup.com\/fr\/produit\/avshar-eggplant-caviar-500-g\/","title":{"rendered":"Avshar \u2014 Caviar d\u2019aubergine \u2014 500 g"},"content":{"rendered":"","protected":false},"excerpt":{"rendered":"<p class=\"p1\">Avshar Caviar d\u2019aubergine 500 g. D\u00e9licieuse pr\u00e9paration \u00e0 base d\u2019aubergines grill\u00e9es, de tomates et d\u2019\u00e9pices \u2014 un classique de la cuisine arm\u00e9nienne. \u00c0 d\u00e9guster en entr\u00e9e ou en accompagnement.<\/p>\n<p class=\"p2\"><b>Bo\u00eete de 8 bocaux.<\/b><\/p>\n<p>2.90\u20ac<\/p>","protected":false},"featured_media":16208,"comment_status":"open","ping_status":"closed","template":"","meta":{"_acf_changed":false},"product_brand":[],"product_cat":[174,194,176,198,186],"product_tag":[77,78],"class_list":{"0":"post-16201","1":"product","2":"type-product","3":"status-publish","4":"has-post-thumbnail","6":"product_cat-all-collections","7":"product_cat-avshar","8":"product_cat-canned-goods","9":"product_cat-canned-vegetables-all-brands","10":"product_cat-sales","11":"product_tag-avshar","12":"product_tag-78","14":"first","15":"instock","16":"shipping-taxable","17":"purchasable","18":"product-type-variable","19":"wvs-archive-product-wrapper"},"acf":[],"_links":{"self":[{"href":"https:\/\/b2b-armangroup.com\/fr\/wp-json\/wp\/v2\/product\/16201","targetHints":{"allow":["GET"]}}],"collection":[{"href":"https:\/\/b2b-armangroup.com\/fr\/wp-json\/wp\/v2\/product"}],"about":[{"href":"https:\/\/b2b-armangroup.com\/fr\/wp-json\/wp\/v2\/types\/product"}],"replies":[{"embeddable":true,"href":"https:\/\/b2b-armangroup.com\/fr\/wp-json\/wp\/v2\/comments?post=16201"}],"version-history":[{"count":2,"href":"https:\/\/b2b-armangroup.com\/fr\/wp-json\/wp\/v2\/product\/16201\/revisions"}],"predecessor-version":[{"id":16284,"href":"https:\/\/b2b-armangroup.com\/fr\/wp-json\/wp\/v2\/product\/16201\/revisions\/16284"}],"wp:featuredmedia":[{"embeddable":true,"href":"https:\/\/b2b-armangroup.com\/fr\/wp-json\/wp\/v2\/media\/16208"}],"wp:attachment":[{"href":"https:\/\/b2b-armangroup.com\/fr\/wp-json\/wp\/v2\/media?parent=16201"}],"wp:term":[{"taxonomy":"product_brand","embeddable":true,"href":"https:\/\/b2b-armangroup.com\/fr\/wp-json\/wp\/v2\/product_brand?post=16201"},{"taxonomy":"product_cat","embeddable":true,"href":"https:\/\/b2b-armangroup.com\/fr\/wp-json\/wp\/v2\/product_cat?post=16201"},{"taxonomy":"product_tag","embeddable":true,"href":"https:\/\/b2b-armangroup.com\/fr\/wp-json\/wp\/v2\/product_tag?post=16201"}],"curies":[{"name":"wp","href":"https:\/\/api.w.org\/{rel}","templated":true}]}}