{"id":16325,"date":"2026-03-25T15:16:09","date_gmt":"2026-03-25T11:16:09","guid":{"rendered":"https:\/\/b2b-armangroup.com\/?post_type=product&#038;p=16325"},"modified":"2026-03-25T15:16:57","modified_gmt":"2026-03-25T11:16:57","slug":"royal-eggplant-caviar-spicy-350g-copy","status":"publish","type":"product","link":"https:\/\/b2b-armangroup.com\/fr\/produit\/royal-eggplant-caviar-spicy-350g-copy\/","title":{"rendered":"Caviar d'aubergines Royal - 350 g"},"content":{"rendered":"","protected":false},"excerpt":{"rendered":"<p class=\"p1\">Royal Caviar d\u2019aubergine \u00e9pic\u00e9 500 g. Une version relev\u00e9e du caviar d\u2019aubergine classique. Pr\u00e9par\u00e9 \u00e0 partir d\u2019aubergines grill\u00e9es, de tomates et de piment pour un go\u00fbt riche et intense.<\/p>\n<p>2,80\u20ac<\/p>","protected":false},"featured_media":16327,"comment_status":"open","ping_status":"closed","template":"","meta":{"_acf_changed":false},"product_brand":[],"product_cat":[174,176,198,260,209],"product_tag":[103,78],"class_list":{"0":"post-16325","1":"product","2":"type-product","3":"status-publish","4":"has-post-thumbnail","6":"product_cat-all-collections","7":"product_cat-canned-goods","8":"product_cat-canned-vegetables-all-brands","9":"product_cat-new-products","10":"product_cat-royal","11":"product_tag-royal","12":"product_tag-78","14":"first","15":"instock","16":"shipping-taxable","17":"purchasable","18":"product-type-variable","19":"wvs-archive-product-wrapper"},"acf":[],"_links":{"self":[{"href":"https:\/\/b2b-armangroup.com\/fr\/wp-json\/wp\/v2\/product\/16325","targetHints":{"allow":["GET"]}}],"collection":[{"href":"https:\/\/b2b-armangroup.com\/fr\/wp-json\/wp\/v2\/product"}],"about":[{"href":"https:\/\/b2b-armangroup.com\/fr\/wp-json\/wp\/v2\/types\/product"}],"replies":[{"embeddable":true,"href":"https:\/\/b2b-armangroup.com\/fr\/wp-json\/wp\/v2\/comments?post=16325"}],"version-history":[{"count":2,"href":"https:\/\/b2b-armangroup.com\/fr\/wp-json\/wp\/v2\/product\/16325\/revisions"}],"predecessor-version":[{"id":16329,"href":"https:\/\/b2b-armangroup.com\/fr\/wp-json\/wp\/v2\/product\/16325\/revisions\/16329"}],"wp:featuredmedia":[{"embeddable":true,"href":"https:\/\/b2b-armangroup.com\/fr\/wp-json\/wp\/v2\/media\/16327"}],"wp:attachment":[{"href":"https:\/\/b2b-armangroup.com\/fr\/wp-json\/wp\/v2\/media?parent=16325"}],"wp:term":[{"taxonomy":"product_brand","embeddable":true,"href":"https:\/\/b2b-armangroup.com\/fr\/wp-json\/wp\/v2\/product_brand?post=16325"},{"taxonomy":"product_cat","embeddable":true,"href":"https:\/\/b2b-armangroup.com\/fr\/wp-json\/wp\/v2\/product_cat?post=16325"},{"taxonomy":"product_tag","embeddable":true,"href":"https:\/\/b2b-armangroup.com\/fr\/wp-json\/wp\/v2\/product_tag?post=16325"}],"curies":[{"name":"wp","href":"https:\/\/api.w.org\/{rel}","templated":true}]}}