{"id":1660,"date":"2025-03-16T15:31:47","date_gmt":"2025-03-16T11:31:47","guid":{"rendered":"https:\/\/b2b-armangroup.com\/product\/ararat-armenia-10-years-0-75-l\/"},"modified":"2025-10-07T15:33:11","modified_gmt":"2025-10-07T11:33:11","slug":"ararat-armenia-10-years-0-75-l","status":"publish","type":"product","link":"https:\/\/b2b-armangroup.com\/fr\/produit\/ararat-armenia-10-years-0-75-l\/","title":{"rendered":"Ararat Arm\u00e9nie - 10 ans - 0,75L"},"content":{"rendered":"","protected":false},"excerpt":{"rendered":"<p class=\"p1\">Ararat Armenia 10 ans incarne l\u2019esprit et l\u2019h\u00e9ritage de la nation arm\u00e9nienne. Vieilli pendant une d\u00e9cennie, ce brandy r\u00e9v\u00e8le des notes de fruits secs, figues, noix, vanille et ch\u00eane riche, offrant profondeur et complexit\u00e9. La bouteille \u00e9l\u00e9gante et son design rendent hommage aux symboles culturels de l\u2019Arm\u00e9nie, en faisant bien plus qu\u2019un simple spiritueux : une d\u00e9claration de fiert\u00e9 et de tradition. Doux, noble et raffin\u00e9 avec une finale persistante.<\/p>\n<p>45,00 \u20ac per bottle<\/p>","protected":false},"featured_media":13201,"comment_status":"open","ping_status":"closed","template":"","meta":{"_acf_changed":false},"product_brand":[],"product_cat":[196],"product_tag":[94],"class_list":{"0":"post-1660","1":"product","2":"type-product","3":"status-publish","4":"has-post-thumbnail","6":"product_cat-brandy","7":"product_tag-brandy","9":"first","10":"instock","11":"shipping-taxable","12":"purchasable","13":"product-type-variable","14":"wvs-archive-product-wrapper"},"acf":[],"_links":{"self":[{"href":"https:\/\/b2b-armangroup.com\/fr\/wp-json\/wp\/v2\/product\/1660","targetHints":{"allow":["GET"]}}],"collection":[{"href":"https:\/\/b2b-armangroup.com\/fr\/wp-json\/wp\/v2\/product"}],"about":[{"href":"https:\/\/b2b-armangroup.com\/fr\/wp-json\/wp\/v2\/types\/product"}],"replies":[{"embeddable":true,"href":"https:\/\/b2b-armangroup.com\/fr\/wp-json\/wp\/v2\/comments?post=1660"}],"version-history":[{"count":3,"href":"https:\/\/b2b-armangroup.com\/fr\/wp-json\/wp\/v2\/product\/1660\/revisions"}],"predecessor-version":[{"id":13202,"href":"https:\/\/b2b-armangroup.com\/fr\/wp-json\/wp\/v2\/product\/1660\/revisions\/13202"}],"wp:featuredmedia":[{"embeddable":true,"href":"https:\/\/b2b-armangroup.com\/fr\/wp-json\/wp\/v2\/media\/13201"}],"wp:attachment":[{"href":"https:\/\/b2b-armangroup.com\/fr\/wp-json\/wp\/v2\/media?parent=1660"}],"wp:term":[{"taxonomy":"product_brand","embeddable":true,"href":"https:\/\/b2b-armangroup.com\/fr\/wp-json\/wp\/v2\/product_brand?post=1660"},{"taxonomy":"product_cat","embeddable":true,"href":"https:\/\/b2b-armangroup.com\/fr\/wp-json\/wp\/v2\/product_cat?post=1660"},{"taxonomy":"product_tag","embeddable":true,"href":"https:\/\/b2b-armangroup.com\/fr\/wp-json\/wp\/v2\/product_tag?post=1660"}],"curies":[{"name":"wp","href":"https:\/\/api.w.org\/{rel}","templated":true}]}}