{"id":1666,"date":"2025-03-16T15:31:47","date_gmt":"2025-03-16T11:31:47","guid":{"rendered":"https:\/\/b2b-armangroup.com\/product\/ararat-otborny-collection-reserve-0-75-l\/"},"modified":"2025-10-07T16:35:20","modified_gmt":"2025-10-07T12:35:20","slug":"ararat-otborny-collection-reserve-0-75-l","status":"publish","type":"product","link":"https:\/\/b2b-armangroup.com\/fr\/produit\/ararat-otborny-collection-reserve-0-75-l\/","title":{"rendered":"Ararat Otborny Collection R\u00e9serve - 0,75L"},"content":{"rendered":"","protected":false},"excerpt":{"rendered":"<p class=\"p1\">Ararat Otborny R\u00e9serve de Collection rend hommage \u00e0 l\u2019une des plus anciennes recettes de la Maison du Cognac d\u2019Erevan. Ce blend de 7 ans se distingue par son onctuosit\u00e9 et son \u00e9quilibre exceptionnels. Des notes riches de fruits secs, d\u2019amandes et d\u2019\u00e9pices d\u00e9licates se m\u00ealent \u00e0 des nuances l\u00e9g\u00e8res de ch\u00eane, offrant un caract\u00e8re rond et noble. Une \u00e9dition de collection qui incarne l\u2019histoire et le savoir-faire.<\/p>\n<p>40,00 \u20ac per bottle<\/p>","protected":false},"featured_media":13203,"comment_status":"open","ping_status":"closed","template":"","meta":{"_acf_changed":false},"product_brand":[],"product_cat":[196],"product_tag":[94],"class_list":{"0":"post-1666","1":"product","2":"type-product","3":"status-publish","4":"has-post-thumbnail","6":"product_cat-brandy","7":"product_tag-brandy","9":"first","10":"instock","11":"shipping-taxable","12":"purchasable","13":"product-type-variable","14":"wvs-archive-product-wrapper"},"acf":[],"_links":{"self":[{"href":"https:\/\/b2b-armangroup.com\/fr\/wp-json\/wp\/v2\/product\/1666","targetHints":{"allow":["GET"]}}],"collection":[{"href":"https:\/\/b2b-armangroup.com\/fr\/wp-json\/wp\/v2\/product"}],"about":[{"href":"https:\/\/b2b-armangroup.com\/fr\/wp-json\/wp\/v2\/types\/product"}],"replies":[{"embeddable":true,"href":"https:\/\/b2b-armangroup.com\/fr\/wp-json\/wp\/v2\/comments?post=1666"}],"version-history":[{"count":4,"href":"https:\/\/b2b-armangroup.com\/fr\/wp-json\/wp\/v2\/product\/1666\/revisions"}],"predecessor-version":[{"id":13205,"href":"https:\/\/b2b-armangroup.com\/fr\/wp-json\/wp\/v2\/product\/1666\/revisions\/13205"}],"wp:featuredmedia":[{"embeddable":true,"href":"https:\/\/b2b-armangroup.com\/fr\/wp-json\/wp\/v2\/media\/13203"}],"wp:attachment":[{"href":"https:\/\/b2b-armangroup.com\/fr\/wp-json\/wp\/v2\/media?parent=1666"}],"wp:term":[{"taxonomy":"product_brand","embeddable":true,"href":"https:\/\/b2b-armangroup.com\/fr\/wp-json\/wp\/v2\/product_brand?post=1666"},{"taxonomy":"product_cat","embeddable":true,"href":"https:\/\/b2b-armangroup.com\/fr\/wp-json\/wp\/v2\/product_cat?post=1666"},{"taxonomy":"product_tag","embeddable":true,"href":"https:\/\/b2b-armangroup.com\/fr\/wp-json\/wp\/v2\/product_tag?post=1666"}],"curies":[{"name":"wp","href":"https:\/\/api.w.org\/{rel}","templated":true}]}}