{"id":1685,"date":"2025-03-16T15:31:48","date_gmt":"2025-03-16T11:31:48","guid":{"rendered":"https:\/\/b2b-armangroup.com\/product\/arishta-melograno-500g\/"},"modified":"2026-03-24T23:39:34","modified_gmt":"2026-03-24T19:39:34","slug":"arishta-melograno-500g","status":"publish","type":"product","link":"https:\/\/b2b-armangroup.com\/fr\/produit\/arishta-melograno-500g\/","title":{"rendered":"Grenade Arishta Melograno 500g"},"content":{"rendered":"","protected":false},"excerpt":{"rendered":"<p class=\"p1\">P\u00e2tes arm\u00e9niennes traditionnelles \u00ab arishta \u00bb, pr\u00e9par\u00e9es avec de la semoule de bl\u00e9 dur. Longues et plates, id\u00e9ales pour les soupes ou les plats principaux. Sans additifs ni conservateurs. Poids net : 500g.<\/p>\n<p>1,95\u20ac per box<\/p>","protected":false},"featured_media":14791,"comment_status":"open","ping_status":"closed","template":"","meta":{"_acf_changed":false},"product_brand":[],"product_cat":[174,207],"product_tag":[97],"class_list":{"0":"post-1685","1":"product","2":"type-product","3":"status-publish","4":"has-post-thumbnail","6":"product_cat-all-collections","7":"product_cat-pasta","8":"product_tag-pasta","10":"first","11":"instock","12":"shipping-taxable","13":"purchasable","14":"product-type-variable","15":"wvs-archive-product-wrapper"},"acf":[],"_links":{"self":[{"href":"https:\/\/b2b-armangroup.com\/fr\/wp-json\/wp\/v2\/product\/1685","targetHints":{"allow":["GET"]}}],"collection":[{"href":"https:\/\/b2b-armangroup.com\/fr\/wp-json\/wp\/v2\/product"}],"about":[{"href":"https:\/\/b2b-armangroup.com\/fr\/wp-json\/wp\/v2\/types\/product"}],"replies":[{"embeddable":true,"href":"https:\/\/b2b-armangroup.com\/fr\/wp-json\/wp\/v2\/comments?post=1685"}],"version-history":[{"count":4,"href":"https:\/\/b2b-armangroup.com\/fr\/wp-json\/wp\/v2\/product\/1685\/revisions"}],"predecessor-version":[{"id":13681,"href":"https:\/\/b2b-armangroup.com\/fr\/wp-json\/wp\/v2\/product\/1685\/revisions\/13681"}],"wp:featuredmedia":[{"embeddable":true,"href":"https:\/\/b2b-armangroup.com\/fr\/wp-json\/wp\/v2\/media\/14791"}],"wp:attachment":[{"href":"https:\/\/b2b-armangroup.com\/fr\/wp-json\/wp\/v2\/media?parent=1685"}],"wp:term":[{"taxonomy":"product_brand","embeddable":true,"href":"https:\/\/b2b-armangroup.com\/fr\/wp-json\/wp\/v2\/product_brand?post=1685"},{"taxonomy":"product_cat","embeddable":true,"href":"https:\/\/b2b-armangroup.com\/fr\/wp-json\/wp\/v2\/product_cat?post=1685"},{"taxonomy":"product_tag","embeddable":true,"href":"https:\/\/b2b-armangroup.com\/fr\/wp-json\/wp\/v2\/product_tag?post=1685"}],"curies":[{"name":"wp","href":"https:\/\/api.w.org\/{rel}","templated":true}]}}