{"id":1760,"date":"2025-03-16T15:31:52","date_gmt":"2025-03-16T11:31:52","guid":{"rendered":"https:\/\/b2b-armangroup.com\/product\/barbecue-sauce-royal-350g\/"},"modified":"2026-04-09T13:57:15","modified_gmt":"2026-04-09T09:57:15","slug":"barbecue-sauce-royal-350g","status":"publish","type":"product","link":"https:\/\/b2b-armangroup.com\/fr\/produit\/barbecue-sauce-royal-350g\/","title":{"rendered":"Royal - Sauce barbecue - 350g"},"content":{"rendered":"","protected":false},"excerpt":{"rendered":"<p class=\"p1\">Royal Sauce barbecue 350 g. Sauce \u00e0 base de tomates au go\u00fbt fum\u00e9, relev\u00e9e d\u2019\u00e9pices et d\u2019une l\u00e9g\u00e8re touche sucr\u00e9e \u2014 id\u00e9ale pour les viandes grill\u00e9es, les burgers et les plats r\u00f4tis.<\/p>\n<p>2,45 \u20ac<\/p>","protected":false},"featured_media":16265,"comment_status":"open","ping_status":"closed","template":"","meta":{"_acf_changed":false},"product_brand":[],"product_cat":[174,176,198,209],"product_tag":[78],"class_list":{"0":"post-1760","1":"product","2":"type-product","3":"status-publish","4":"has-post-thumbnail","6":"product_cat-all-collections","7":"product_cat-canned-goods","8":"product_cat-canned-vegetables-all-brands","9":"product_cat-royal","10":"product_tag-78","12":"first","13":"instock","14":"sale","15":"shipping-taxable","16":"purchasable","17":"product-type-variable","18":"wvs-archive-product-wrapper"},"acf":[],"_links":{"self":[{"href":"https:\/\/b2b-armangroup.com\/fr\/wp-json\/wp\/v2\/product\/1760","targetHints":{"allow":["GET"]}}],"collection":[{"href":"https:\/\/b2b-armangroup.com\/fr\/wp-json\/wp\/v2\/product"}],"about":[{"href":"https:\/\/b2b-armangroup.com\/fr\/wp-json\/wp\/v2\/types\/product"}],"replies":[{"embeddable":true,"href":"https:\/\/b2b-armangroup.com\/fr\/wp-json\/wp\/v2\/comments?post=1760"}],"version-history":[{"count":4,"href":"https:\/\/b2b-armangroup.com\/fr\/wp-json\/wp\/v2\/product\/1760\/revisions"}],"predecessor-version":[{"id":16510,"href":"https:\/\/b2b-armangroup.com\/fr\/wp-json\/wp\/v2\/product\/1760\/revisions\/16510"}],"wp:featuredmedia":[{"embeddable":true,"href":"https:\/\/b2b-armangroup.com\/fr\/wp-json\/wp\/v2\/media\/16265"}],"wp:attachment":[{"href":"https:\/\/b2b-armangroup.com\/fr\/wp-json\/wp\/v2\/media?parent=1760"}],"wp:term":[{"taxonomy":"product_brand","embeddable":true,"href":"https:\/\/b2b-armangroup.com\/fr\/wp-json\/wp\/v2\/product_brand?post=1760"},{"taxonomy":"product_cat","embeddable":true,"href":"https:\/\/b2b-armangroup.com\/fr\/wp-json\/wp\/v2\/product_cat?post=1760"},{"taxonomy":"product_tag","embeddable":true,"href":"https:\/\/b2b-armangroup.com\/fr\/wp-json\/wp\/v2\/product_tag?post=1760"}],"curies":[{"name":"wp","href":"https:\/\/api.w.org\/{rel}","templated":true}]}}