{"id":1785,"date":"2025-03-16T15:31:53","date_gmt":"2025-03-16T11:31:53","guid":{"rendered":"https:\/\/b2b-armangroup.com\/product\/%d5%a2%d5%a1%d5%bd%d5%bf%d5%b8%d6%82%d6%80%d5%b4%d5%a1-1-%d5%af%d5%a3\/"},"modified":"2026-03-25T13:45:22","modified_gmt":"2026-03-25T09:45:22","slug":"%d5%a2%d5%a1%d5%bd%d5%bf%d5%b8%d6%82%d6%80%d5%b4%d5%a1-1-%d5%af%d5%a3","status":"publish","type":"product","link":"https:\/\/b2b-armangroup.com\/fr\/produit\/%d5%a2%d5%a1%d5%bd%d5%bf%d5%b8%d6%82%d6%80%d5%b4%d5%a1-1-%d5%af%d5%a3\/","title":{"rendered":"Basturma"},"content":{"rendered":"","protected":false},"excerpt":{"rendered":"<p class=\"p1\">Basturma arm\u00e9nienne de qualit\u00e9 \u2013 b\u0153uf s\u00e9ch\u00e9 et affin\u00e9 \u00e0 l\u2019air, enrob\u00e9 d\u2019un m\u00e9lange traditionnel de fenugrec, d\u2019ail et de paprika. Cette sp\u00e9cialit\u00e9 s\u00e9culaire est r\u00e9put\u00e9e pour sa saveur intense et son ar\u00f4me unique. Id\u00e9ale en ap\u00e9ritif, servie en fines tranches avec du lavash, du fromage et du brandy arm\u00e9nien. Paquet de 1kg.<\/p>\n<p>29,15 \u20ac per pack<\/p>","protected":false},"featured_media":15944,"comment_status":"open","ping_status":"closed","template":"","meta":{"_acf_changed":false},"product_brand":[],"product_cat":[174,230,175,229],"product_tag":[101],"class_list":{"0":"post-1785","1":"product","2":"type-product","3":"status-publish","4":"has-post-thumbnail","6":"product_cat-all-collections","7":"product_cat-basturma","8":"product_cat-basturma-sujukh-khash-qyufta-lavash-ghavourma","9":"product_cat-meat-products","10":"product_tag-101","12":"first","13":"instock","14":"shipping-taxable","15":"purchasable","16":"product-type-variable","17":"wvs-archive-product-wrapper"},"acf":[],"_links":{"self":[{"href":"https:\/\/b2b-armangroup.com\/fr\/wp-json\/wp\/v2\/product\/1785","targetHints":{"allow":["GET"]}}],"collection":[{"href":"https:\/\/b2b-armangroup.com\/fr\/wp-json\/wp\/v2\/product"}],"about":[{"href":"https:\/\/b2b-armangroup.com\/fr\/wp-json\/wp\/v2\/types\/product"}],"replies":[{"embeddable":true,"href":"https:\/\/b2b-armangroup.com\/fr\/wp-json\/wp\/v2\/comments?post=1785"}],"version-history":[{"count":5,"href":"https:\/\/b2b-armangroup.com\/fr\/wp-json\/wp\/v2\/product\/1785\/revisions"}],"predecessor-version":[{"id":15651,"href":"https:\/\/b2b-armangroup.com\/fr\/wp-json\/wp\/v2\/product\/1785\/revisions\/15651"}],"wp:featuredmedia":[{"embeddable":true,"href":"https:\/\/b2b-armangroup.com\/fr\/wp-json\/wp\/v2\/media\/15944"}],"wp:attachment":[{"href":"https:\/\/b2b-armangroup.com\/fr\/wp-json\/wp\/v2\/media?parent=1785"}],"wp:term":[{"taxonomy":"product_brand","embeddable":true,"href":"https:\/\/b2b-armangroup.com\/fr\/wp-json\/wp\/v2\/product_brand?post=1785"},{"taxonomy":"product_cat","embeddable":true,"href":"https:\/\/b2b-armangroup.com\/fr\/wp-json\/wp\/v2\/product_cat?post=1785"},{"taxonomy":"product_tag","embeddable":true,"href":"https:\/\/b2b-armangroup.com\/fr\/wp-json\/wp\/v2\/product_tag?post=1785"}],"curies":[{"name":"wp","href":"https:\/\/api.w.org\/{rel}","templated":true}]}}