{"id":1809,"date":"2025-03-16T15:31:54","date_gmt":"2025-03-16T11:31:54","guid":{"rendered":"https:\/\/b2b-armangroup.com\/product\/bean-gorisi-ambar-0-7kg\/"},"modified":"2026-03-28T23:22:15","modified_gmt":"2026-03-28T19:22:15","slug":"bean-gorisi-ambar-0-7kg","status":"publish","type":"product","link":"https:\/\/b2b-armangroup.com\/fr\/produit\/bean-gorisi-ambar-0-7kg\/","title":{"rendered":"Ambar Beans 700g"},"content":{"rendered":"","protected":false},"excerpt":{"rendered":"<p class=\"p1 translation-block\">Haricots de Goris d\u2019Arm\u00e9nie, soigneusement s\u00e9lectionn\u00e9s et s\u00e9ch\u00e9s naturellement pour un go\u00fbt riche et une texture cr\u00e9meuse. Source pr\u00e9cieuse de prot\u00e9ines, fibres et min\u00e9raux. Parfaits pour les plats traditionnels arm\u00e9niens et m\u00e9diterran\u00e9ens. Format : 700 g.<\/p>\n<p>3,99\u20ac per pack<\/p>","protected":false},"featured_media":16403,"comment_status":"open","ping_status":"closed","template":"","meta":{"_acf_changed":false},"product_brand":[],"product_cat":[174,184,247,260],"product_tag":[102],"class_list":{"0":"post-1809","1":"product","2":"type-product","3":"status-publish","4":"has-post-thumbnail","6":"product_cat-all-collections","7":"product_cat-grains","8":"product_cat-groceries","9":"product_cat-new-products","10":"product_tag-102","12":"first","13":"instock","14":"shipping-taxable","15":"purchasable","16":"product-type-variable","17":"wvs-archive-product-wrapper"},"acf":[],"_links":{"self":[{"href":"https:\/\/b2b-armangroup.com\/fr\/wp-json\/wp\/v2\/product\/1809","targetHints":{"allow":["GET"]}}],"collection":[{"href":"https:\/\/b2b-armangroup.com\/fr\/wp-json\/wp\/v2\/product"}],"about":[{"href":"https:\/\/b2b-armangroup.com\/fr\/wp-json\/wp\/v2\/types\/product"}],"replies":[{"embeddable":true,"href":"https:\/\/b2b-armangroup.com\/fr\/wp-json\/wp\/v2\/comments?post=1809"}],"version-history":[{"count":9,"href":"https:\/\/b2b-armangroup.com\/fr\/wp-json\/wp\/v2\/product\/1809\/revisions"}],"predecessor-version":[{"id":11832,"href":"https:\/\/b2b-armangroup.com\/fr\/wp-json\/wp\/v2\/product\/1809\/revisions\/11832"}],"wp:featuredmedia":[{"embeddable":true,"href":"https:\/\/b2b-armangroup.com\/fr\/wp-json\/wp\/v2\/media\/16403"}],"wp:attachment":[{"href":"https:\/\/b2b-armangroup.com\/fr\/wp-json\/wp\/v2\/media?parent=1809"}],"wp:term":[{"taxonomy":"product_brand","embeddable":true,"href":"https:\/\/b2b-armangroup.com\/fr\/wp-json\/wp\/v2\/product_brand?post=1809"},{"taxonomy":"product_cat","embeddable":true,"href":"https:\/\/b2b-armangroup.com\/fr\/wp-json\/wp\/v2\/product_cat?post=1809"},{"taxonomy":"product_tag","embeddable":true,"href":"https:\/\/b2b-armangroup.com\/fr\/wp-json\/wp\/v2\/product_tag?post=1809"}],"curies":[{"name":"wp","href":"https:\/\/api.w.org\/{rel}","templated":true}]}}