{"id":1833,"date":"2025-03-16T15:31:55","date_gmt":"2025-03-16T11:31:55","guid":{"rendered":"https:\/\/b2b-armangroup.com\/product\/beer-aleksandrapol-4-5-0-33l\/"},"modified":"2026-02-23T23:44:15","modified_gmt":"2026-02-23T19:44:15","slug":"beer-aleksandrapol-4-5-0-33l","status":"publish","type":"product","link":"https:\/\/b2b-armangroup.com\/fr\/produit\/beer-aleksandrapol-4-5-0-33l\/","title":{"rendered":"Bi\u00e8re Aleksandrapol 4,5% \u2013  0,33L"},"content":{"rendered":"","protected":false},"excerpt":{"rendered":"<p class=\"p1\">La Bi\u00e8re Aleksandrapol 4,5% est une lager arm\u00e9nienne premium, brass\u00e9e selon des m\u00e9thodes traditionnelles. Elle offre un go\u00fbt \u00e9quilibr\u00e9 avec une finale douce. Disponible en bouteille de 0,33L.<\/p>\n<p>1,10\u20ac la bouteille<\/p>","protected":false},"featured_media":14702,"comment_status":"open","ping_status":"closed","template":"","meta":{"_acf_changed":false},"product_brand":[],"product_cat":[195],"product_tag":[104],"class_list":{"0":"post-1833","1":"product","2":"type-product","3":"status-publish","4":"has-post-thumbnail","6":"product_cat-beer","7":"product_tag-104","9":"first","10":"instock","11":"shipping-taxable","12":"purchasable","13":"product-type-variable","14":"wvs-archive-product-wrapper"},"acf":[],"_links":{"self":[{"href":"https:\/\/b2b-armangroup.com\/fr\/wp-json\/wp\/v2\/product\/1833","targetHints":{"allow":["GET"]}}],"collection":[{"href":"https:\/\/b2b-armangroup.com\/fr\/wp-json\/wp\/v2\/product"}],"about":[{"href":"https:\/\/b2b-armangroup.com\/fr\/wp-json\/wp\/v2\/types\/product"}],"replies":[{"embeddable":true,"href":"https:\/\/b2b-armangroup.com\/fr\/wp-json\/wp\/v2\/comments?post=1833"}],"version-history":[{"count":6,"href":"https:\/\/b2b-armangroup.com\/fr\/wp-json\/wp\/v2\/product\/1833\/revisions"}],"predecessor-version":[{"id":15636,"href":"https:\/\/b2b-armangroup.com\/fr\/wp-json\/wp\/v2\/product\/1833\/revisions\/15636"}],"wp:featuredmedia":[{"embeddable":true,"href":"https:\/\/b2b-armangroup.com\/fr\/wp-json\/wp\/v2\/media\/14702"}],"wp:attachment":[{"href":"https:\/\/b2b-armangroup.com\/fr\/wp-json\/wp\/v2\/media?parent=1833"}],"wp:term":[{"taxonomy":"product_brand","embeddable":true,"href":"https:\/\/b2b-armangroup.com\/fr\/wp-json\/wp\/v2\/product_brand?post=1833"},{"taxonomy":"product_cat","embeddable":true,"href":"https:\/\/b2b-armangroup.com\/fr\/wp-json\/wp\/v2\/product_cat?post=1833"},{"taxonomy":"product_tag","embeddable":true,"href":"https:\/\/b2b-armangroup.com\/fr\/wp-json\/wp\/v2\/product_tag?post=1833"}],"curies":[{"name":"wp","href":"https:\/\/api.w.org\/{rel}","templated":true}]}}