{"id":2134,"date":"2025-03-16T15:32:10","date_gmt":"2025-03-16T11:32:10","guid":{"rendered":"https:\/\/b2b-armangroup.com\/product\/brandy-apricot-black-5-years-44-0-5l\/"},"modified":"2026-02-19T17:33:45","modified_gmt":"2026-02-19T13:33:45","slug":"brandy-apricot-black-5-years-44-0-5l","status":"publish","type":"product","link":"https:\/\/b2b-armangroup.com\/fr\/produit\/brandy-apricot-black-5-years-44-0-5l\/","title":{"rendered":"Brandy Abricot Noir - 5 ans - 44% - 0,5L"},"content":{"rendered":"","protected":false},"excerpt":{"rendered":"<p class=\"p1\">Le Brandy Abricot Black 5 ans associe le savoir-faire arm\u00e9nien traditionnel \u00e0 un caract\u00e8re audacieux. Distill\u00e9 \u00e0 partir d\u2019abricots soigneusement s\u00e9lectionn\u00e9s et vieilli pendant 5 ans, il r\u00e9v\u00e8le un bouquet intense de fruits secs et de ch\u00eane toast\u00e9, avec une finale puissante et velout\u00e9e \u00e0 44 %. Un choix raffin\u00e9 pour les amateurs de force et de profondeur.<\/p>\n<p>36,99 \u20ac per bottle<\/p>","protected":false},"featured_media":2621,"comment_status":"open","ping_status":"closed","template":"","meta":{"_acf_changed":false},"product_brand":[],"product_cat":[174,196],"product_tag":[112],"class_list":{"0":"post-2134","1":"product","2":"type-product","3":"status-publish","4":"has-post-thumbnail","6":"product_cat-all-collections","7":"product_cat-brandy","8":"product_tag-112","10":"first","11":"instock","12":"shipping-taxable","13":"purchasable","14":"product-type-variable","15":"wvs-archive-product-wrapper"},"acf":[],"_links":{"self":[{"href":"https:\/\/b2b-armangroup.com\/fr\/wp-json\/wp\/v2\/product\/2134","targetHints":{"allow":["GET"]}}],"collection":[{"href":"https:\/\/b2b-armangroup.com\/fr\/wp-json\/wp\/v2\/product"}],"about":[{"href":"https:\/\/b2b-armangroup.com\/fr\/wp-json\/wp\/v2\/types\/product"}],"replies":[{"embeddable":true,"href":"https:\/\/b2b-armangroup.com\/fr\/wp-json\/wp\/v2\/comments?post=2134"}],"version-history":[{"count":5,"href":"https:\/\/b2b-armangroup.com\/fr\/wp-json\/wp\/v2\/product\/2134\/revisions"}],"predecessor-version":[{"id":15450,"href":"https:\/\/b2b-armangroup.com\/fr\/wp-json\/wp\/v2\/product\/2134\/revisions\/15450"}],"wp:featuredmedia":[{"embeddable":true,"href":"https:\/\/b2b-armangroup.com\/fr\/wp-json\/wp\/v2\/media\/2621"}],"wp:attachment":[{"href":"https:\/\/b2b-armangroup.com\/fr\/wp-json\/wp\/v2\/media?parent=2134"}],"wp:term":[{"taxonomy":"product_brand","embeddable":true,"href":"https:\/\/b2b-armangroup.com\/fr\/wp-json\/wp\/v2\/product_brand?post=2134"},{"taxonomy":"product_cat","embeddable":true,"href":"https:\/\/b2b-armangroup.com\/fr\/wp-json\/wp\/v2\/product_cat?post=2134"},{"taxonomy":"product_tag","embeddable":true,"href":"https:\/\/b2b-armangroup.com\/fr\/wp-json\/wp\/v2\/product_tag?post=2134"}],"curies":[{"name":"wp","href":"https:\/\/api.w.org\/{rel}","templated":true}]}}