{"id":2156,"date":"2025-03-16T15:32:10","date_gmt":"2025-03-16T11:32:10","guid":{"rendered":"https:\/\/b2b-armangroup.com\/product\/brandy-apricot-black-7-years-44-0-5l\/"},"modified":"2026-02-19T17:38:07","modified_gmt":"2026-02-19T13:38:07","slug":"brandy-apricot-black-7-years-44-0-5l","status":"publish","type":"product","link":"https:\/\/b2b-armangroup.com\/fr\/produit\/brandy-apricot-black-7-years-44-0-5l\/","title":{"rendered":"Brandy Abricot Noir - 7 ans - 44% - 0,5L"},"content":{"rendered":"","protected":false},"excerpt":{"rendered":"<p class=\"p1\">Le Brandy Abricot Black 7 ans offre une rare harmonie d\u2019abricots arm\u00e9niens, d\u2019un long vieillissement et d\u2019une puissance affirm\u00e9e. Vieilli en f\u00fbts de ch\u00eane pendant 7 ans, il r\u00e9v\u00e8le des notes profondes d\u2019abricot sec, de caramel et d\u2019\u00e9pices, soutenues par une force \u00e9l\u00e9gante de 44 %. Un spiritueux de collection pour les amateurs de richesse et d\u2019intensit\u00e9.<\/p>\n<p>41,99 \u20ac per bottle<\/p>","protected":false},"featured_media":2633,"comment_status":"open","ping_status":"closed","template":"","meta":{"_acf_changed":false},"product_brand":[],"product_cat":[174,196],"product_tag":[112],"class_list":{"0":"post-2156","1":"product","2":"type-product","3":"status-publish","4":"has-post-thumbnail","6":"product_cat-all-collections","7":"product_cat-brandy","8":"product_tag-112","10":"first","11":"instock","12":"shipping-taxable","13":"purchasable","14":"product-type-variable","15":"wvs-archive-product-wrapper"},"acf":[],"_links":{"self":[{"href":"https:\/\/b2b-armangroup.com\/fr\/wp-json\/wp\/v2\/product\/2156","targetHints":{"allow":["GET"]}}],"collection":[{"href":"https:\/\/b2b-armangroup.com\/fr\/wp-json\/wp\/v2\/product"}],"about":[{"href":"https:\/\/b2b-armangroup.com\/fr\/wp-json\/wp\/v2\/types\/product"}],"replies":[{"embeddable":true,"href":"https:\/\/b2b-armangroup.com\/fr\/wp-json\/wp\/v2\/comments?post=2156"}],"version-history":[{"count":5,"href":"https:\/\/b2b-armangroup.com\/fr\/wp-json\/wp\/v2\/product\/2156\/revisions"}],"predecessor-version":[{"id":15451,"href":"https:\/\/b2b-armangroup.com\/fr\/wp-json\/wp\/v2\/product\/2156\/revisions\/15451"}],"wp:featuredmedia":[{"embeddable":true,"href":"https:\/\/b2b-armangroup.com\/fr\/wp-json\/wp\/v2\/media\/2633"}],"wp:attachment":[{"href":"https:\/\/b2b-armangroup.com\/fr\/wp-json\/wp\/v2\/media?parent=2156"}],"wp:term":[{"taxonomy":"product_brand","embeddable":true,"href":"https:\/\/b2b-armangroup.com\/fr\/wp-json\/wp\/v2\/product_brand?post=2156"},{"taxonomy":"product_cat","embeddable":true,"href":"https:\/\/b2b-armangroup.com\/fr\/wp-json\/wp\/v2\/product_cat?post=2156"},{"taxonomy":"product_tag","embeddable":true,"href":"https:\/\/b2b-armangroup.com\/fr\/wp-json\/wp\/v2\/product_tag?post=2156"}],"curies":[{"name":"wp","href":"https:\/\/api.w.org\/{rel}","templated":true}]}}